{"id":194,"date":"2022-11-21T15:37:14","date_gmt":"2022-11-21T15:37:14","guid":{"rendered":"https:\/\/www.aiolos-brasil.com\/a-nossa-historia\/"},"modified":"2023-04-12T17:52:20","modified_gmt":"2023-04-12T17:52:20","slug":"a-nossa-historia","status":"publish","type":"page","link":"https:\/\/www.aiolos-brasil.com\/pt-br\/a-nossa-historia\/","title":{"rendered":"A nossa hist\u00f3ria"},"content":{"rendered":"<p><div class=\"fusion-fullwidth fullwidth-box fusion-builder-row-1 fusion-flex-container has-pattern-background has-mask-background nonhundred-percent-fullwidth non-hundred-percent-height-scrolling\" style=\"--awb-border-radius-top-left:0px;--awb-border-radius-top-right:0px;--awb-border-radius-bottom-right:0px;--awb-border-radius-bottom-left:0px;--awb-margin-top:60px;--awb-margin-bottom:40px;--awb-flex-wrap:wrap;\" ><div class=\"fusion-builder-row fusion-row fusion-flex-align-items-flex-start fusion-flex-content-wrap\" style=\"max-width:1248px;margin-left: calc(-4% \/ 2 );margin-right: calc(-4% \/ 2 );\"><div class=\"fusion-layout-column fusion_builder_column fusion-builder-column-0 fusion_builder_column_1_1 1_1 fusion-flex-column\" style=\"--awb-bg-size:cover;--awb-width-large:100%;--awb-margin-top-large:0px;--awb-spacing-right-large:1.92%;--awb-margin-bottom-large:20px;--awb-spacing-left-large:1.92%;--awb-width-medium:100%;--awb-order-medium:0;--awb-spacing-right-medium:1.92%;--awb-spacing-left-medium:1.92%;--awb-width-small:100%;--awb-order-small:0;--awb-spacing-right-small:1.92%;--awb-spacing-left-small:1.92%;\"><div class=\"fusion-column-wrapper fusion-column-has-shadow fusion-flex-justify-content-flex-start fusion-content-layout-column\"><div class=\"fusion-title title fusion-title-1 fusion-sep-none fusion-title-text fusion-title-size-one\"><h1 class=\"fusion-title-heading title-heading-left\" style=\"margin:0;\"><h2 style=\"text-align: center;\">A nossa hist\u00f3ria<\/h2><\/h1><\/div><\/div><\/div><\/div><\/div><div class=\"fusion-fullwidth fullwidth-box fusion-builder-row-2 fusion-flex-container nonhundred-percent-fullwidth non-hundred-percent-height-scrolling\" style=\"--awb-border-radius-top-left:0px;--awb-border-radius-top-right:0px;--awb-border-radius-bottom-right:0px;--awb-border-radius-bottom-left:0px;--awb-padding-bottom:80px;--awb-flex-wrap:wrap;\" ><div class=\"fusion-builder-row fusion-row fusion-flex-align-items-flex-start fusion-flex-content-wrap\" style=\"max-width:1248px;margin-left: calc(-4% \/ 2 );margin-right: calc(-4% \/ 2 );\"><div class=\"fusion-layout-column fusion_builder_column fusion-builder-column-1 fusion_builder_column_1_2 1_2 fusion-flex-column\" style=\"--awb-bg-size:cover;--awb-width-large:50%;--awb-margin-top-large:0px;--awb-spacing-right-large:3.84%;--awb-margin-bottom-large:20px;--awb-spacing-left-large:3.84%;--awb-width-medium:50%;--awb-order-medium:0;--awb-spacing-right-medium:3.84%;--awb-spacing-left-medium:3.84%;--awb-width-small:100%;--awb-order-small:0;--awb-spacing-right-small:1.92%;--awb-spacing-left-small:1.92%;\"><div class=\"fusion-column-wrapper fusion-column-has-shadow fusion-flex-justify-content-flex-start fusion-content-layout-column\"><div class=\"fusion-text fusion-text-1\" style=\"--awb-text-transform:none;\"><p><strong>Como tudo come\u00e7ou<\/strong><\/p>\n<p>Aiolos foi fundada ap\u00f3s uma viagem inesquec\u00edvel a Pre\u00e1 e regi\u00e3o que deixou uma impress\u00e3o fascinante em n\u00f3s. Foi amor \u00e0 primeira vista. A beleza do lugar, onde tudo parece harmonioso, desde o nascer at\u00e9 ao p\u00f4r do sol. A brisa forte que parece um abra\u00e7o refrescante. Os pescadores com as suas hist\u00f3rias, as lagoas entre as dunas formadas pela chuva, as tartarugas em desova e por \u00faltimo mas n\u00e3o menos importante as muitas velas coloridas dos kite surfistas que decoram o c\u00e9u quando o vento \u00e9 forte. Fic\u00e1mos tamb\u00e9m fascinados pela popula\u00e7\u00e3o local, que tocou os nossos cora\u00e7\u00f5es com a sua hospitalidade e atitude positiva em rela\u00e7\u00e3o \u00e0 vida.<\/p>\n<p>Foi por isso que fund\u00e1mos Aiolos; porque queremos partilhar convosco esta experi\u00eancia e a nossa paix\u00e3o por este lugar. Como seu contacto local, iremos assegurar-lhe umas f\u00e9rias individuais e inesquec\u00edveis e aproveitar ao m\u00e1ximo o seu tempo. \u00c9 por isso que oferecemos uma gama de servi\u00e7os convenientes que pode reservar individualmente. Por exemplo, teremos todo o prazer em ir busc\u00e1-lo ao aeroporto \u00e0 sua chegada e lev\u00e1-lo ao seu alojamento, organizar um curso de kite, lev\u00e1-lo \u00e0s praias mais bonitas, dar-lhe dicas para excurs\u00f5es ou servir-lhe uma bebida caseira no nosso Bar de Aiolos.<\/p>\n<p>Desfrute de um bom momento com Aiolos, seja no nosso hotel ou numa das nossas excurs\u00f5es. Connosco est\u00e1 em boas m\u00e3os, quer queira ir com calma ou esteja \u00e0 procura de um pontap\u00e9 de adrenalina: pode sonhar e n\u00f3s organizaremos as suas f\u00e9rias pessoais.<\/p>\n<p>Aiolos Simbora passear!<\/p>\n<\/div><\/div><\/div><div class=\"fusion-layout-column fusion_builder_column fusion-builder-column-2 fusion_builder_column_1_2 1_2 fusion-flex-column\" style=\"--awb-bg-size:cover;--awb-width-large:50%;--awb-margin-top-large:0px;--awb-spacing-right-large:3.84%;--awb-margin-bottom-large:20px;--awb-spacing-left-large:3.84%;--awb-width-medium:50%;--awb-order-medium:0;--awb-spacing-right-medium:3.84%;--awb-spacing-left-medium:3.84%;--awb-width-small:100%;--awb-order-small:0;--awb-spacing-right-small:1.92%;--awb-spacing-left-small:1.92%;\"><div class=\"fusion-column-wrapper fusion-column-has-shadow fusion-flex-justify-content-flex-start fusion-content-layout-column\"><div class=\"fusion-image-element \" style=\"--awb-caption-title-font-family:var(--h2_typography-font-family);--awb-caption-title-font-weight:var(--h2_typography-font-weight);--awb-caption-title-font-style:var(--h2_typography-font-style);--awb-caption-title-size:var(--h2_typography-font-size);--awb-caption-title-transform:var(--h2_typography-text-transform);--awb-caption-title-line-height:var(--h2_typography-line-height);--awb-caption-title-letter-spacing:var(--h2_typography-letter-spacing);\"><span class=\" fusion-imageframe imageframe-none imageframe-1 hover-type-none\"><img decoding=\"async\" width=\"800\" height=\"541\" alt=\"Team AIOLOS, Prea, Jericoacoara, Brasilien\" title=\"Team-Aiolos-800px-Web\" src=\"https:\/\/www.aiolos-brasil.com\/wp-content\/uploads\/2022\/12\/Team-Aiolos-800px-Web.jpg\" class=\"img-responsive wp-image-987\" srcset=\"https:\/\/www.aiolos-brasil.com\/wp-content\/uploads\/2022\/12\/Team-Aiolos-800px-Web-200x135.jpg 200w, https:\/\/www.aiolos-brasil.com\/wp-content\/uploads\/2022\/12\/Team-Aiolos-800px-Web-400x271.jpg 400w, https:\/\/www.aiolos-brasil.com\/wp-content\/uploads\/2022\/12\/Team-Aiolos-800px-Web-600x406.jpg 600w, https:\/\/www.aiolos-brasil.com\/wp-content\/uploads\/2022\/12\/Team-Aiolos-800px-Web.jpg 800w\" sizes=\"(max-width: 640px) 100vw, 600px\" \/><\/span><\/div><\/div><\/div><\/div><\/div><div class=\"fusion-fullwidth fullwidth-box fusion-builder-row-3 fusion-flex-container nonhundred-percent-fullwidth non-hundred-percent-height-scrolling\" style=\"--awb-border-radius-top-left:0px;--awb-border-radius-top-right:0px;--awb-border-radius-bottom-right:0px;--awb-border-radius-bottom-left:0px;--awb-flex-wrap:wrap;\" ><div class=\"fusion-builder-row fusion-row fusion-flex-align-items-flex-start fusion-flex-content-wrap\" style=\"max-width:1248px;margin-left: calc(-4% \/ 2 );margin-right: calc(-4% \/ 2 );\"><div class=\"fusion-layout-column fusion_builder_column fusion-builder-column-3 fusion_builder_column_1_3 1_3 fusion-flex-column\" style=\"--awb-padding-top:20px;--awb-padding-right:20px;--awb-padding-bottom:20px;--awb-padding-left:20px;--awb-overflow:hidden;--awb-bg-color:var(--awb-color3);--awb-bg-color-hover:var(--awb-color3);--awb-bg-size:cover;--awb-border-radius:5px 5px 5px 5px;--awb-width-large:33.333333333333%;--awb-margin-top-large:0px;--awb-spacing-right-large:5.76%;--awb-margin-bottom-large:20px;--awb-spacing-left-large:5.76%;--awb-width-medium:33.333333333333%;--awb-order-medium:0;--awb-spacing-right-medium:5.76%;--awb-spacing-left-medium:5.76%;--awb-width-small:100%;--awb-order-small:0;--awb-spacing-right-small:1.92%;--awb-spacing-left-small:1.92%;\"><div class=\"fusion-column-wrapper fusion-column-has-shadow fusion-flex-justify-content-flex-start fusion-content-layout-column\"><i class=\"fb-icon-element-1 fb-icon-element fontawesome-icon fa-user-friends fas circle-yes\" style=\"--awb-circlecolor:var(--awb-color4);--awb-circlecolor-hover:var(--awb-color5);--awb-circlebordercolor:var(--awb-custom_color_6);--awb-circlebordersize:0px;--awb-font-size:28.16px;--awb-width:56.32px;--awb-height:56.32px;--awb-line-height:56.32px;--awb-margin-top:0;--awb-margin-right:0;--awb-margin-bottom:0;--awb-margin-left:0;--awb-align-self:center;\"><\/i><div class=\"fusion-text fusion-text-2\"><h4 style=\"text-align: center;\">Equipe profissional<\/h4>\n<p style=\"text-align: center;\">Os nossos guias e motoristas est\u00e3o preparados para satisfazer os seus desejos de viagem. Qualificados e com muita experi\u00eancia em destinos e servi\u00e7os.<\/p>\n<\/div><\/div><\/div><div class=\"fusion-layout-column fusion_builder_column fusion-builder-column-4 fusion_builder_column_1_3 1_3 fusion-flex-column\" style=\"--awb-padding-top:20px;--awb-padding-right:20px;--awb-padding-bottom:20px;--awb-padding-left:20px;--awb-overflow:hidden;--awb-bg-color:var(--awb-color3);--awb-bg-color-hover:var(--awb-color3);--awb-bg-size:cover;--awb-border-radius:5px 5px 5px 5px;--awb-width-large:33.333333333333%;--awb-margin-top-large:0px;--awb-spacing-right-large:5.76%;--awb-margin-bottom-large:20px;--awb-spacing-left-large:5.76%;--awb-width-medium:33.333333333333%;--awb-order-medium:0;--awb-spacing-right-medium:5.76%;--awb-spacing-left-medium:5.76%;--awb-width-small:100%;--awb-order-small:0;--awb-spacing-right-small:1.92%;--awb-spacing-left-small:1.92%;\"><div class=\"fusion-column-wrapper fusion-column-has-shadow fusion-flex-justify-content-flex-start fusion-content-layout-column\"><i class=\"fb-icon-element-2 fb-icon-element fontawesome-icon fa-book-reader fas circle-yes\" style=\"--awb-circlecolor:var(--awb-color4);--awb-circlecolor-hover:var(--awb-color5);--awb-circlebordersize:0px;--awb-font-size:28.16px;--awb-width:56.32px;--awb-height:56.32px;--awb-line-height:56.32px;--awb-margin-top:0;--awb-margin-right:0;--awb-margin-bottom:0;--awb-margin-left:0;--awb-align-self:center;\"><\/i><div class=\"fusion-text fusion-text-3\"><h4 style=\"text-align: center;\">Apoio individual<\/h4>\n<p style=\"text-align: center;\">Todos os servi\u00e7os s\u00e3o adaptados aos desejos dos nossos clientes, com calend\u00e1rios, origens e destinos. Por favor contate-nos.<\/p>\n<\/div><\/div><\/div><div class=\"fusion-layout-column fusion_builder_column fusion-builder-column-5 fusion_builder_column_1_3 1_3 fusion-flex-column\" style=\"--awb-padding-top:20px;--awb-padding-right:20px;--awb-padding-bottom:20px;--awb-padding-left:20px;--awb-overflow:hidden;--awb-bg-color:var(--awb-color3);--awb-bg-color-hover:var(--awb-color3);--awb-bg-size:cover;--awb-border-radius:5px 5px 5px 5px;--awb-width-large:33.333333333333%;--awb-margin-top-large:0px;--awb-spacing-right-large:5.76%;--awb-margin-bottom-large:20px;--awb-spacing-left-large:5.76%;--awb-width-medium:33.333333333333%;--awb-order-medium:0;--awb-spacing-right-medium:5.76%;--awb-spacing-left-medium:5.76%;--awb-width-small:100%;--awb-order-small:0;--awb-spacing-right-small:1.92%;--awb-spacing-left-small:1.92%;\"><div class=\"fusion-column-wrapper fusion-column-has-shadow fusion-flex-justify-content-flex-start fusion-content-layout-column\"><i class=\"fb-icon-element-3 fb-icon-element fontawesome-icon fa-fire fas circle-yes\" style=\"--awb-circlecolor:var(--awb-color4);--awb-circlecolor-hover:var(--awb-color5);--awb-circlebordersize:0px;--awb-font-size:28.16px;--awb-width:56.32px;--awb-height:56.32px;--awb-line-height:56.32px;--awb-margin-top:0;--awb-margin-right:0;--awb-margin-bottom:0;--awb-margin-left:0;--awb-align-self:center;\"><\/i><div class=\"fusion-text fusion-text-4\"><h4 style=\"text-align: center;\">Experi\u00eancias \u00fanicas<\/h4>\n<p style=\"text-align: center;\">Adoramos o que fazemos, \u00e9 por isso que tornamos cada viagem \u00fanica e inesquec\u00edvel para os nossos clientes. Viaje connosco e experimente uma aventura!<\/p>\n<\/div><\/div><\/div><\/div><\/div><\/p>\n","protected":false},"excerpt":{"rendered":"","protected":false},"author":1,"featured_media":0,"parent":0,"menu_order":0,"comment_status":"closed","ping_status":"closed","template":"100-width.php","meta":{"_acf_changed":false,"footnotes":""},"class_list":["post-194","page","type-page","status-publish","hentry"],"acf":[],"yoast_head":"<!-- This site is optimized with the Yoast SEO plugin v27.3 - https:\/\/yoast.com\/product\/yoast-seo-wordpress\/ -->\n<title>A nossa hist\u00f3ria - Kite Surfing, Brasilien, Prea, Aiolos, Hotel<\/title>\n<meta name=\"robots\" content=\"index, follow, max-snippet:-1, max-image-preview:large, max-video-preview:-1\" \/>\n<link rel=\"canonical\" href=\"https:\/\/www.aiolos-brasil.com\/pt-br\/a-nossa-historia\/\" \/>\n<meta property=\"og:locale\" content=\"pt_BR\" \/>\n<meta property=\"og:type\" content=\"article\" \/>\n<meta property=\"og:title\" content=\"A nossa hist\u00f3ria - Kite Surfing, Brasilien, Prea, Aiolos, Hotel\" \/>\n<meta property=\"og:url\" content=\"https:\/\/www.aiolos-brasil.com\/pt-br\/a-nossa-historia\/\" \/>\n<meta property=\"og:site_name\" content=\"Kite Surfing, Brasilien, Prea, Aiolos, Hotel\" \/>\n<meta property=\"article:modified_time\" content=\"2023-04-12T17:52:20+00:00\" \/>\n<meta name=\"twitter:card\" content=\"summary_large_image\" \/>\n<meta name=\"twitter:label1\" content=\"Est. tempo de leitura\" \/>\n\t<meta name=\"twitter:data1\" content=\"21 minutos\" \/>\n<script type=\"application\/ld+json\" class=\"yoast-schema-graph\">{\"@context\":\"https:\\\/\\\/schema.org\",\"@graph\":[{\"@type\":\"WebPage\",\"@id\":\"https:\\\/\\\/www.aiolos-brasil.com\\\/pt-br\\\/a-nossa-historia\\\/\",\"url\":\"https:\\\/\\\/www.aiolos-brasil.com\\\/pt-br\\\/a-nossa-historia\\\/\",\"name\":\"A nossa hist\u00f3ria - Kite Surfing, Brasilien, Prea, Aiolos, Hotel\",\"isPartOf\":{\"@id\":\"https:\\\/\\\/www.aiolos-brasil.com\\\/pt-br\\\/#website\"},\"datePublished\":\"2022-11-21T15:37:14+00:00\",\"dateModified\":\"2023-04-12T17:52:20+00:00\",\"breadcrumb\":{\"@id\":\"https:\\\/\\\/www.aiolos-brasil.com\\\/pt-br\\\/a-nossa-historia\\\/#breadcrumb\"},\"inLanguage\":\"pt-BR\",\"potentialAction\":[{\"@type\":\"ReadAction\",\"target\":[\"https:\\\/\\\/www.aiolos-brasil.com\\\/pt-br\\\/a-nossa-historia\\\/\"]}]},{\"@type\":\"BreadcrumbList\",\"@id\":\"https:\\\/\\\/www.aiolos-brasil.com\\\/pt-br\\\/a-nossa-historia\\\/#breadcrumb\",\"itemListElement\":[{\"@type\":\"ListItem\",\"position\":1,\"name\":\"Startseite\",\"item\":\"https:\\\/\\\/www.aiolos-brasil.com\\\/pt-br\\\/pagina-inicial\\\/\"},{\"@type\":\"ListItem\",\"position\":2,\"name\":\"A nossa hist\u00f3ria\"}]},{\"@type\":\"WebSite\",\"@id\":\"https:\\\/\\\/www.aiolos-brasil.com\\\/pt-br\\\/#website\",\"url\":\"https:\\\/\\\/www.aiolos-brasil.com\\\/pt-br\\\/\",\"name\":\"Kite Surfing, Brasilien, Prea, Aiolos, Hotel\",\"description\":\"Aiolos Brasil\",\"publisher\":{\"@id\":\"https:\\\/\\\/www.aiolos-brasil.com\\\/pt-br\\\/#organization\"},\"potentialAction\":[{\"@type\":\"SearchAction\",\"target\":{\"@type\":\"EntryPoint\",\"urlTemplate\":\"https:\\\/\\\/www.aiolos-brasil.com\\\/pt-br\\\/?s={search_term_string}\"},\"query-input\":{\"@type\":\"PropertyValueSpecification\",\"valueRequired\":true,\"valueName\":\"search_term_string\"}}],\"inLanguage\":\"pt-BR\"},{\"@type\":\"Organization\",\"@id\":\"https:\\\/\\\/www.aiolos-brasil.com\\\/pt-br\\\/#organization\",\"name\":\"Kite Surfing, Brasilien, Prea, Aiolos, Hotel\",\"url\":\"https:\\\/\\\/www.aiolos-brasil.com\\\/pt-br\\\/\",\"logo\":{\"@type\":\"ImageObject\",\"inLanguage\":\"pt-BR\",\"@id\":\"https:\\\/\\\/www.aiolos-brasil.com\\\/pt-br\\\/#\\\/schema\\\/logo\\\/image\\\/\",\"url\":\"https:\\\/\\\/www.aiolos-brasil.com\\\/wp-content\\\/uploads\\\/2022\\\/11\\\/Aiolos-MY-Kreis-links-ohne-weisser-Rand-01.png\",\"contentUrl\":\"https:\\\/\\\/www.aiolos-brasil.com\\\/wp-content\\\/uploads\\\/2022\\\/11\\\/Aiolos-MY-Kreis-links-ohne-weisser-Rand-01.png\",\"width\":6126,\"height\":1176,\"caption\":\"Kite Surfing, Brasilien, Prea, Aiolos, Hotel\"},\"image\":{\"@id\":\"https:\\\/\\\/www.aiolos-brasil.com\\\/pt-br\\\/#\\\/schema\\\/logo\\\/image\\\/\"}}]}<\/script>\n<!-- \/ Yoast SEO plugin. -->","yoast_head_json":{"title":"A nossa hist\u00f3ria - Kite Surfing, Brasilien, Prea, Aiolos, Hotel","robots":{"index":"index","follow":"follow","max-snippet":"max-snippet:-1","max-image-preview":"max-image-preview:large","max-video-preview":"max-video-preview:-1"},"canonical":"https:\/\/www.aiolos-brasil.com\/pt-br\/a-nossa-historia\/","og_locale":"pt_BR","og_type":"article","og_title":"A nossa hist\u00f3ria - Kite Surfing, Brasilien, Prea, Aiolos, Hotel","og_url":"https:\/\/www.aiolos-brasil.com\/pt-br\/a-nossa-historia\/","og_site_name":"Kite Surfing, Brasilien, Prea, Aiolos, Hotel","article_modified_time":"2023-04-12T17:52:20+00:00","twitter_card":"summary_large_image","twitter_misc":{"Est. tempo de leitura":"21 minutos"},"schema":{"@context":"https:\/\/schema.org","@graph":[{"@type":"WebPage","@id":"https:\/\/www.aiolos-brasil.com\/pt-br\/a-nossa-historia\/","url":"https:\/\/www.aiolos-brasil.com\/pt-br\/a-nossa-historia\/","name":"A nossa hist\u00f3ria - Kite Surfing, Brasilien, Prea, Aiolos, Hotel","isPartOf":{"@id":"https:\/\/www.aiolos-brasil.com\/pt-br\/#website"},"datePublished":"2022-11-21T15:37:14+00:00","dateModified":"2023-04-12T17:52:20+00:00","breadcrumb":{"@id":"https:\/\/www.aiolos-brasil.com\/pt-br\/a-nossa-historia\/#breadcrumb"},"inLanguage":"pt-BR","potentialAction":[{"@type":"ReadAction","target":["https:\/\/www.aiolos-brasil.com\/pt-br\/a-nossa-historia\/"]}]},{"@type":"BreadcrumbList","@id":"https:\/\/www.aiolos-brasil.com\/pt-br\/a-nossa-historia\/#breadcrumb","itemListElement":[{"@type":"ListItem","position":1,"name":"Startseite","item":"https:\/\/www.aiolos-brasil.com\/pt-br\/pagina-inicial\/"},{"@type":"ListItem","position":2,"name":"A nossa hist\u00f3ria"}]},{"@type":"WebSite","@id":"https:\/\/www.aiolos-brasil.com\/pt-br\/#website","url":"https:\/\/www.aiolos-brasil.com\/pt-br\/","name":"Kite Surfing, Brasilien, Prea, Aiolos, Hotel","description":"Aiolos Brasil","publisher":{"@id":"https:\/\/www.aiolos-brasil.com\/pt-br\/#organization"},"potentialAction":[{"@type":"SearchAction","target":{"@type":"EntryPoint","urlTemplate":"https:\/\/www.aiolos-brasil.com\/pt-br\/?s={search_term_string}"},"query-input":{"@type":"PropertyValueSpecification","valueRequired":true,"valueName":"search_term_string"}}],"inLanguage":"pt-BR"},{"@type":"Organization","@id":"https:\/\/www.aiolos-brasil.com\/pt-br\/#organization","name":"Kite Surfing, Brasilien, Prea, Aiolos, Hotel","url":"https:\/\/www.aiolos-brasil.com\/pt-br\/","logo":{"@type":"ImageObject","inLanguage":"pt-BR","@id":"https:\/\/www.aiolos-brasil.com\/pt-br\/#\/schema\/logo\/image\/","url":"https:\/\/www.aiolos-brasil.com\/wp-content\/uploads\/2022\/11\/Aiolos-MY-Kreis-links-ohne-weisser-Rand-01.png","contentUrl":"https:\/\/www.aiolos-brasil.com\/wp-content\/uploads\/2022\/11\/Aiolos-MY-Kreis-links-ohne-weisser-Rand-01.png","width":6126,"height":1176,"caption":"Kite Surfing, Brasilien, Prea, Aiolos, Hotel"},"image":{"@id":"https:\/\/www.aiolos-brasil.com\/pt-br\/#\/schema\/logo\/image\/"}}]}},"_links":{"self":[{"href":"https:\/\/www.aiolos-brasil.com\/pt-br\/wp-json\/wp\/v2\/pages\/194","targetHints":{"allow":["GET"]}}],"collection":[{"href":"https:\/\/www.aiolos-brasil.com\/pt-br\/wp-json\/wp\/v2\/pages"}],"about":[{"href":"https:\/\/www.aiolos-brasil.com\/pt-br\/wp-json\/wp\/v2\/types\/page"}],"author":[{"embeddable":true,"href":"https:\/\/www.aiolos-brasil.com\/pt-br\/wp-json\/wp\/v2\/users\/1"}],"replies":[{"embeddable":true,"href":"https:\/\/www.aiolos-brasil.com\/pt-br\/wp-json\/wp\/v2\/comments?post=194"}],"version-history":[{"count":28,"href":"https:\/\/www.aiolos-brasil.com\/pt-br\/wp-json\/wp\/v2\/pages\/194\/revisions"}],"predecessor-version":[{"id":1219,"href":"https:\/\/www.aiolos-brasil.com\/pt-br\/wp-json\/wp\/v2\/pages\/194\/revisions\/1219"}],"wp:attachment":[{"href":"https:\/\/www.aiolos-brasil.com\/pt-br\/wp-json\/wp\/v2\/media?parent=194"}],"curies":[{"name":"wp","href":"https:\/\/api.w.org\/{rel}","templated":true}]}}