{"id":200,"date":"2022-11-21T15:35:12","date_gmt":"2022-11-21T15:35:12","guid":{"rendered":"https:\/\/www.aiolos-brasil.com\/barrinha\/"},"modified":"2023-06-04T15:12:09","modified_gmt":"2023-06-04T15:12:09","slug":"barrinha","status":"publish","type":"page","link":"https:\/\/www.aiolos-brasil.com\/pt-br\/barrinha\/","title":{"rendered":"Barrinha"},"content":{"rendered":"<p><div class=\"fusion-fullwidth fullwidth-box fusion-builder-row-1 fusion-flex-container nonhundred-percent-fullwidth non-hundred-percent-height-scrolling\" style=\"--awb-border-radius-top-left:0px;--awb-border-radius-top-right:0px;--awb-border-radius-bottom-right:0px;--awb-border-radius-bottom-left:0px;--awb-margin-top:60px;--awb-margin-bottom:40px;--awb-flex-wrap:wrap;\" ><div class=\"fusion-builder-row fusion-row fusion-flex-align-items-flex-start fusion-flex-content-wrap\" style=\"max-width:1248px;margin-left: calc(-4% \/ 2 );margin-right: calc(-4% \/ 2 );\"><div class=\"fusion-layout-column fusion_builder_column fusion-builder-column-0 fusion_builder_column_1_1 1_1 fusion-flex-column\" style=\"--awb-padding-top:20px;--awb-padding-bottom:20px;--awb-bg-size:cover;--awb-width-large:100%;--awb-margin-top-large:0px;--awb-spacing-right-large:1.92%;--awb-margin-bottom-large:20px;--awb-spacing-left-large:1.92%;--awb-width-medium:100%;--awb-order-medium:0;--awb-spacing-right-medium:1.92%;--awb-spacing-left-medium:1.92%;--awb-width-small:100%;--awb-order-small:0;--awb-spacing-right-small:1.92%;--awb-spacing-left-small:1.92%;\"><div class=\"fusion-column-wrapper fusion-column-has-shadow fusion-flex-justify-content-flex-start fusion-content-layout-column\"><div class=\"fusion-title title fusion-title-1 fusion-sep-none fusion-title-text fusion-title-size-one\" style=\"--awb-margin-top-small:10px;--awb-margin-right-small:0px;--awb-margin-bottom-small:10px;--awb-margin-left-small:0px;\"><h1 class=\"fusion-title-heading title-heading-left\" style=\"margin:0;\"><h2 style=\"text-align: center;\">Passeio da Barrinha<\/h2><\/h1><\/div><\/div><\/div><\/div><\/div><div class=\"fusion-fullwidth fullwidth-box fusion-builder-row-2 fusion-flex-container has-pattern-background has-mask-background hundred-percent-fullwidth non-hundred-percent-height-scrolling\" style=\"--awb-border-radius-top-left:0px;--awb-border-radius-top-right:0px;--awb-border-radius-bottom-right:0px;--awb-border-radius-bottom-left:0px;--awb-flex-wrap:wrap;\" ><div class=\"fusion-builder-row fusion-row fusion-flex-align-items-flex-start fusion-flex-content-wrap\" style=\"width:104% !important;max-width:104% !important;margin-left: calc(-4% \/ 2 );margin-right: calc(-4% \/ 2 );\"><div class=\"fusion-layout-column fusion_builder_column fusion-builder-column-1 fusion_builder_column_1_4 1_4 fusion-flex-column\" style=\"--awb-bg-size:cover;--awb-width-large:25%;--awb-margin-top-large:0px;--awb-spacing-right-large:7.68%;--awb-margin-bottom-large:20px;--awb-spacing-left-large:7.68%;--awb-width-medium:25%;--awb-order-medium:0;--awb-spacing-right-medium:7.68%;--awb-spacing-left-medium:7.68%;--awb-width-small:100%;--awb-order-small:0;--awb-spacing-right-small:1.92%;--awb-spacing-left-small:1.92%;\"><div class=\"fusion-column-wrapper fusion-column-has-shadow fusion-flex-justify-content-flex-start fusion-content-layout-column\"><div class=\"fusion-image-element \" style=\"--awb-caption-title-font-family:var(--h2_typography-font-family);--awb-caption-title-font-weight:var(--h2_typography-font-weight);--awb-caption-title-font-style:var(--h2_typography-font-style);--awb-caption-title-size:var(--h2_typography-font-size);--awb-caption-title-transform:var(--h2_typography-text-transform);--awb-caption-title-line-height:var(--h2_typography-line-height);--awb-caption-title-letter-spacing:var(--h2_typography-letter-spacing);\"><span class=\" fusion-imageframe imageframe-none imageframe-1 hover-type-none\"><a href=\"https:\/\/www.aiolos-brasil.com\/wp-content\/uploads\/2022\/11\/Barrinha-Bar.jpg\" class=\"fusion-lightbox\" data-rel=\"iLightbox[2cdc4f1142e53734c4f]\" data-title=\"Barrinha-Bar\" title=\"Barrinha-Bar\"><img decoding=\"async\" width=\"600\" height=\"600\" alt=\"Barrinha-Bar, AIOLOS Tours\" src=\"https:\/\/www.aiolos-brasil.com\/wp-content\/uploads\/2022\/11\/Barrinha-Bar.jpg\" class=\"img-responsive wp-image-68\" srcset=\"https:\/\/www.aiolos-brasil.com\/wp-content\/uploads\/2022\/11\/Barrinha-Bar-200x200.jpg 200w, https:\/\/www.aiolos-brasil.com\/wp-content\/uploads\/2022\/11\/Barrinha-Bar-400x400.jpg 400w, https:\/\/www.aiolos-brasil.com\/wp-content\/uploads\/2022\/11\/Barrinha-Bar.jpg 600w\" sizes=\"(max-width: 640px) 100vw, 400px\" \/><\/a><\/span><\/div><\/div><\/div><div class=\"fusion-layout-column fusion_builder_column fusion-builder-column-2 fusion_builder_column_1_4 1_4 fusion-flex-column\" style=\"--awb-bg-size:cover;--awb-width-large:25%;--awb-margin-top-large:0px;--awb-spacing-right-large:7.68%;--awb-margin-bottom-large:20px;--awb-spacing-left-large:7.68%;--awb-width-medium:25%;--awb-order-medium:0;--awb-spacing-right-medium:7.68%;--awb-spacing-left-medium:7.68%;--awb-width-small:100%;--awb-order-small:0;--awb-spacing-right-small:1.92%;--awb-spacing-left-small:1.92%;\"><div class=\"fusion-column-wrapper fusion-column-has-shadow fusion-flex-justify-content-flex-start fusion-content-layout-column\"><div class=\"fusion-image-element \" style=\"--awb-caption-title-font-family:var(--h2_typography-font-family);--awb-caption-title-font-weight:var(--h2_typography-font-weight);--awb-caption-title-font-style:var(--h2_typography-font-style);--awb-caption-title-size:var(--h2_typography-font-size);--awb-caption-title-transform:var(--h2_typography-text-transform);--awb-caption-title-line-height:var(--h2_typography-line-height);--awb-caption-title-letter-spacing:var(--h2_typography-letter-spacing);\"><span class=\" fusion-imageframe imageframe-none imageframe-2 hover-type-none\"><a href=\"https:\/\/www.aiolos-brasil.com\/wp-content\/uploads\/2022\/11\/Barrinha-Sonnenuntergang-.jpg\" class=\"fusion-lightbox\" data-rel=\"iLightbox[7121d73ccd7090ebfb0]\" data-title=\"Barrinha-Sonnenuntergang-\" title=\"Barrinha-Sonnenuntergang-\"><img decoding=\"async\" width=\"600\" height=\"600\" alt=\"Romantik, Hochzeitsreise, Brasilien\" src=\"https:\/\/www.aiolos-brasil.com\/wp-content\/uploads\/2022\/11\/Barrinha-Sonnenuntergang-.jpg\" class=\"img-responsive wp-image-78\" srcset=\"https:\/\/www.aiolos-brasil.com\/wp-content\/uploads\/2022\/11\/Barrinha-Sonnenuntergang--200x200.jpg 200w, https:\/\/www.aiolos-brasil.com\/wp-content\/uploads\/2022\/11\/Barrinha-Sonnenuntergang--400x400.jpg 400w, https:\/\/www.aiolos-brasil.com\/wp-content\/uploads\/2022\/11\/Barrinha-Sonnenuntergang-.jpg 600w\" sizes=\"(max-width: 640px) 100vw, 400px\" \/><\/a><\/span><\/div><\/div><\/div><div class=\"fusion-layout-column fusion_builder_column fusion-builder-column-3 fusion_builder_column_1_4 1_4 fusion-flex-column\" style=\"--awb-bg-size:cover;--awb-width-large:25%;--awb-margin-top-large:0px;--awb-spacing-right-large:7.68%;--awb-margin-bottom-large:20px;--awb-spacing-left-large:7.68%;--awb-width-medium:25%;--awb-order-medium:0;--awb-spacing-right-medium:7.68%;--awb-spacing-left-medium:7.68%;--awb-width-small:100%;--awb-order-small:0;--awb-spacing-right-small:1.92%;--awb-spacing-left-small:1.92%;\"><div class=\"fusion-column-wrapper fusion-column-has-shadow fusion-flex-justify-content-flex-start fusion-content-layout-column\"><div class=\"fusion-image-element \" style=\"--awb-caption-title-font-family:var(--h2_typography-font-family);--awb-caption-title-font-weight:var(--h2_typography-font-weight);--awb-caption-title-font-style:var(--h2_typography-font-style);--awb-caption-title-size:var(--h2_typography-font-size);--awb-caption-title-transform:var(--h2_typography-text-transform);--awb-caption-title-line-height:var(--h2_typography-line-height);--awb-caption-title-letter-spacing:var(--h2_typography-letter-spacing);\"><span class=\" fusion-imageframe imageframe-none imageframe-3 hover-type-none\"><a href=\"https:\/\/www.aiolos-brasil.com\/wp-content\/uploads\/2022\/11\/Barrinha-Quad-Kunstueck.jpg\" class=\"fusion-lightbox\" data-rel=\"iLightbox[239afac8904a0ae73f0]\" data-title=\"Barrinha-Quad-Kunstueck\" title=\"Barrinha-Quad-Kunstueck\"><img decoding=\"async\" width=\"600\" height=\"600\" alt=\"Quad, Brasilien, Tours\" src=\"https:\/\/www.aiolos-brasil.com\/wp-content\/uploads\/2022\/11\/Barrinha-Quad-Kunstueck.jpg\" class=\"img-responsive wp-image-74\" srcset=\"https:\/\/www.aiolos-brasil.com\/wp-content\/uploads\/2022\/11\/Barrinha-Quad-Kunstueck-200x200.jpg 200w, https:\/\/www.aiolos-brasil.com\/wp-content\/uploads\/2022\/11\/Barrinha-Quad-Kunstueck-400x400.jpg 400w, https:\/\/www.aiolos-brasil.com\/wp-content\/uploads\/2022\/11\/Barrinha-Quad-Kunstueck.jpg 600w\" sizes=\"(max-width: 640px) 100vw, 400px\" \/><\/a><\/span><\/div><\/div><\/div><div class=\"fusion-layout-column fusion_builder_column fusion-builder-column-4 fusion_builder_column_1_4 1_4 fusion-flex-column\" style=\"--awb-bg-size:cover;--awb-width-large:25%;--awb-margin-top-large:0px;--awb-spacing-right-large:7.68%;--awb-margin-bottom-large:20px;--awb-spacing-left-large:7.68%;--awb-width-medium:25%;--awb-order-medium:0;--awb-spacing-right-medium:7.68%;--awb-spacing-left-medium:7.68%;--awb-width-small:100%;--awb-order-small:0;--awb-spacing-right-small:1.92%;--awb-spacing-left-small:1.92%;\"><div class=\"fusion-column-wrapper fusion-column-has-shadow fusion-flex-justify-content-flex-start fusion-content-layout-column\"><div class=\"fusion-image-element \" style=\"--awb-caption-title-font-family:var(--h2_typography-font-family);--awb-caption-title-font-weight:var(--h2_typography-font-weight);--awb-caption-title-font-style:var(--h2_typography-font-style);--awb-caption-title-size:var(--h2_typography-font-size);--awb-caption-title-transform:var(--h2_typography-text-transform);--awb-caption-title-line-height:var(--h2_typography-line-height);--awb-caption-title-letter-spacing:var(--h2_typography-letter-spacing);\"><span class=\" fusion-imageframe imageframe-none imageframe-4 hover-type-none\"><a href=\"https:\/\/www.aiolos-brasil.com\/wp-content\/uploads\/2022\/11\/Aiolos-Sonnenuntergang-600px.jpg\" class=\"fusion-lightbox\" data-rel=\"iLightbox[1128292431383767b21]\" data-title=\"Aiolos-Sonnenuntergang-600px\" title=\"Aiolos-Sonnenuntergang-600px\"><img decoding=\"async\" width=\"600\" height=\"600\" alt=\"Sonnenuntergang Brasilien\" src=\"https:\/\/www.aiolos-brasil.com\/wp-content\/uploads\/2022\/11\/Aiolos-Sonnenuntergang-600px.jpg\" class=\"img-responsive wp-image-60\" srcset=\"https:\/\/www.aiolos-brasil.com\/wp-content\/uploads\/2022\/11\/Aiolos-Sonnenuntergang-600px-200x200.jpg 200w, https:\/\/www.aiolos-brasil.com\/wp-content\/uploads\/2022\/11\/Aiolos-Sonnenuntergang-600px-400x400.jpg 400w, https:\/\/www.aiolos-brasil.com\/wp-content\/uploads\/2022\/11\/Aiolos-Sonnenuntergang-600px.jpg 600w\" sizes=\"(max-width: 640px) 100vw, 400px\" \/><\/a><\/span><\/div><\/div><\/div><\/div><\/div><div class=\"fusion-bg-parallax\" data-bg-align=\"center center\" data-direction=\"up\" data-mute=\"false\" data-opacity=\"100\" data-velocity=\"-0.3\" data-mobile-enabled=\"true\" data-break_parents=\"0\" data-bg-image=\"https:\/\/www.aiolos-brasil.com\/wp-content\/uploads\/2022\/11\/Hintergrund-Palmen-und-Strand.jpg\" data-bg-repeat=\"false\" data-bg-color=\"rgba(248,240,164,0.3)\" data-blend-mode=\"lighten\" ><\/div><div class=\"fusion-fullwidth fullwidth-box fusion-builder-row-3 fusion-flex-container has-pattern-background has-mask-background fusion-parallax-up nonhundred-percent-fullwidth non-hundred-percent-height-scrolling\" style=\"--awb-background-blend-mode:lighten;--awb-border-radius-top-left:0px;--awb-border-radius-top-right:0px;--awb-border-radius-bottom-right:0px;--awb-border-radius-bottom-left:0px;--awb-padding-top:40px;--awb-padding-right:20px;--awb-padding-bottom:20px;--awb-padding-left:20px;--awb-margin-top:60px;--awb-background-color:rgba(248,240,164,0.3);--awb-background-image:url(&quot;https:\/\/www.aiolos-brasil.com\/wp-content\/uploads\/2022\/11\/Hintergrund-Palmen-und-Strand.jpg&quot;);--awb-background-size:cover;--awb-flex-wrap:wrap;\" ><div class=\"fusion-builder-row fusion-row fusion-flex-align-items-flex-start fusion-flex-content-wrap\" style=\"max-width:1248px;margin-left: calc(-4% \/ 2 );margin-right: calc(-4% \/ 2 );\"><div class=\"fusion-layout-column fusion_builder_column fusion-builder-column-5 fusion_builder_column_1_1 1_1 fusion-flex-column\" style=\"--awb-bg-size:cover;--awb-width-large:100%;--awb-margin-top-large:80px;--awb-spacing-right-large:1.92%;--awb-margin-bottom-large:40px;--awb-spacing-left-large:1.92%;--awb-width-medium:100%;--awb-order-medium:0;--awb-spacing-right-medium:1.92%;--awb-spacing-left-medium:1.92%;--awb-width-small:100%;--awb-order-small:0;--awb-spacing-right-small:1.92%;--awb-spacing-left-small:1.92%;\"><div class=\"fusion-column-wrapper fusion-column-has-shadow fusion-flex-justify-content-flex-start fusion-content-layout-column\"><div class=\"fusion-title title fusion-title-2 fusion-sep-none fusion-title-text fusion-title-size-one\" style=\"--awb-margin-top-small:10px;--awb-margin-right-small:0px;--awb-margin-bottom-small:10px;--awb-margin-left-small:0px;\"><h1 class=\"fusion-title-heading title-heading-left\" style=\"margin:0;\"><h2 style=\"text-align: center;\">Passeio da Barrinha<\/h2><\/h1><\/div><\/div><\/div><div class=\"fusion-layout-column fusion_builder_column fusion-builder-column-6 fusion_builder_column_1_1 1_1 fusion-flex-column\" style=\"--awb-bg-color:rgba(255,255,255,0.5);--awb-bg-color-hover:rgba(255,255,255,0.5);--awb-bg-size:cover;--awb-width-large:100%;--awb-margin-top-large:0px;--awb-spacing-right-large:1.92%;--awb-margin-bottom-large:20px;--awb-spacing-left-large:1.92%;--awb-width-medium:100%;--awb-order-medium:0;--awb-spacing-right-medium:1.92%;--awb-spacing-left-medium:1.92%;--awb-width-small:100%;--awb-order-small:0;--awb-spacing-right-small:1.92%;--awb-spacing-left-small:1.92%;\"><div class=\"fusion-column-wrapper fusion-column-has-shadow fusion-flex-justify-content-flex-start fusion-content-layout-column\"><ul style=\"--awb-size:18px;--awb-item-padding-top:20px;--awb-item-padding-right:20px;--awb-item-padding-bottom:20px;--awb-item-padding-left:20px;--awb-textcolor:var(--awb-color6);--awb-line-height:30.6px;--awb-icon-width:30.6px;--awb-icon-height:30.6px;--awb-icon-margin:12.6px;--awb-content-margin:43.2px;--awb-circlecolor:var(--awb-color4);--awb-circle-yes-font-size:15.84px;\" class=\"fusion-checklist fusion-checklist-1 type-icons\"><li class=\"fusion-li-item\" style=\"\"><span class=\"icon-wrapper circle-yes\"><i class=\"fusion-li-icon fa-flag far\" aria-hidden=\"true\"><\/i><\/span><div class=\"fusion-li-item-content\">\n<p><strong>Barrinha<\/strong><\/p>\n<p>Barrinha &#8211; Uma Vila de pescadorescom algumas dunas, uma praia muito tranquila, conhecida pela sua cozinha internacional especializada em mariscos e um p\u00f4r-do-sol deslumbrante. Para principiantes de kite uma excelente op\u00e7\u00e3o para velejar porque a sua praia \u00e9 plana.<\/p>\n<\/div><\/li><\/ul><\/div><\/div><\/div><\/div><div class=\"fusion-fullwidth fullwidth-box fusion-builder-row-4 fusion-flex-container has-pattern-background has-mask-background nonhundred-percent-fullwidth non-hundred-percent-height-scrolling\" style=\"--awb-border-radius-top-left:0px;--awb-border-radius-top-right:0px;--awb-border-radius-bottom-right:0px;--awb-border-radius-bottom-left:0px;--awb-margin-top:60px;--awb-flex-wrap:wrap;\" ><div class=\"fusion-builder-row fusion-row fusion-flex-align-items-flex-start fusion-flex-content-wrap\" style=\"max-width:1248px;margin-left: calc(-4% \/ 2 );margin-right: calc(-4% \/ 2 );\"><div class=\"fusion-layout-column fusion_builder_column fusion-builder-column-7 fusion_builder_column_1_4 1_4 fusion-flex-column\" style=\"--awb-bg-size:cover;--awb-width-large:25%;--awb-margin-top-large:0px;--awb-spacing-right-large:7.68%;--awb-margin-bottom-large:20px;--awb-spacing-left-large:7.68%;--awb-width-medium:25%;--awb-order-medium:0;--awb-spacing-right-medium:7.68%;--awb-spacing-left-medium:7.68%;--awb-width-small:100%;--awb-order-small:0;--awb-spacing-right-small:1.92%;--awb-spacing-left-small:1.92%;\"><div class=\"fusion-column-wrapper fusion-column-has-shadow fusion-flex-justify-content-flex-start fusion-content-layout-column\"><\/div><\/div><div class=\"fusion-layout-column fusion_builder_column fusion-builder-column-8 fusion_builder_column_1_2 1_2 fusion-flex-column\" style=\"--awb-bg-size:cover;--awb-width-large:50%;--awb-margin-top-large:0px;--awb-spacing-right-large:3.84%;--awb-margin-bottom-large:20px;--awb-spacing-left-large:3.84%;--awb-width-medium:50%;--awb-order-medium:0;--awb-spacing-right-medium:3.84%;--awb-spacing-left-medium:3.84%;--awb-width-small:100%;--awb-order-small:0;--awb-spacing-right-small:1.92%;--awb-spacing-left-small:1.92%;\"><div class=\"fusion-column-wrapper fusion-column-has-shadow fusion-flex-justify-content-flex-start fusion-content-layout-column\"><div class=\"fusion-text fusion-text-1\"><h3 style=\"text-align: center;\">Josi, a vossa agente de viagens em Aiolos<\/h3>\n<\/div><div class=\"fusion-image-element \" style=\"--awb-caption-title-font-family:var(--h2_typography-font-family);--awb-caption-title-font-weight:var(--h2_typography-font-weight);--awb-caption-title-font-style:var(--h2_typography-font-style);--awb-caption-title-size:var(--h2_typography-font-size);--awb-caption-title-transform:var(--h2_typography-text-transform);--awb-caption-title-line-height:var(--h2_typography-line-height);--awb-caption-title-letter-spacing:var(--h2_typography-letter-spacing);\"><span class=\" fusion-imageframe imageframe-none imageframe-5 hover-type-none\"><img decoding=\"async\" width=\"700\" height=\"280\" alt=\"Aiolos Tours\" title=\"Book-with-Josi-Mini-Banner-inkl-Sprachen-web\" src=\"https:\/\/www.aiolos-brasil.com\/wp-content\/uploads\/2023\/06\/Book-with-Josi-Mini-Banner-inkl-Sprachen-web.jpg\" class=\"img-responsive wp-image-1724\" srcset=\"https:\/\/www.aiolos-brasil.com\/wp-content\/uploads\/2023\/06\/Book-with-Josi-Mini-Banner-inkl-Sprachen-web-200x80.jpg 200w, https:\/\/www.aiolos-brasil.com\/wp-content\/uploads\/2023\/06\/Book-with-Josi-Mini-Banner-inkl-Sprachen-web-400x160.jpg 400w, https:\/\/www.aiolos-brasil.com\/wp-content\/uploads\/2023\/06\/Book-with-Josi-Mini-Banner-inkl-Sprachen-web-600x240.jpg 600w, https:\/\/www.aiolos-brasil.com\/wp-content\/uploads\/2023\/06\/Book-with-Josi-Mini-Banner-inkl-Sprachen-web.jpg 700w\" sizes=\"(max-width: 640px) 100vw, 600px\" \/><\/span><\/div><div class=\"fusion-text fusion-text-2\"><p style=\"text-align: center;\">Josi organiza a sua viagem de A a Z.<\/p>\n<\/div><div style=\"text-align:center;\"><a class=\"fusion-button button-flat fusion-button-default-size button-default fusion-button-default button-1 fusion-button-default-span fusion-button-default-type\" target=\"_self\" href=\"https:\/\/www.aiolos-brasil.com\/pt-br\/produto\/tour-barrinha\/\"><span class=\"fusion-button-text awb-button__text awb-button__text--default\">Planeje uma visita agora <\/span><\/a><\/div><\/div><\/div><div class=\"fusion-layout-column fusion_builder_column fusion-builder-column-9 fusion_builder_column_1_4 1_4 fusion-flex-column\" style=\"--awb-bg-size:cover;--awb-width-large:25%;--awb-margin-top-large:0px;--awb-spacing-right-large:7.68%;--awb-margin-bottom-large:20px;--awb-spacing-left-large:7.68%;--awb-width-medium:25%;--awb-order-medium:0;--awb-spacing-right-medium:7.68%;--awb-spacing-left-medium:7.68%;--awb-width-small:100%;--awb-order-small:0;--awb-spacing-right-small:1.92%;--awb-spacing-left-small:1.92%;\"><div class=\"fusion-column-wrapper fusion-column-has-shadow fusion-flex-justify-content-flex-start fusion-content-layout-column\"><\/div><\/div><\/div><\/div><\/p>\n","protected":false},"excerpt":{"rendered":"","protected":false},"author":1,"featured_media":0,"parent":0,"menu_order":0,"comment_status":"closed","ping_status":"closed","template":"100-width.php","meta":{"_acf_changed":false,"footnotes":""},"class_list":["post-200","page","type-page","status-publish","hentry"],"acf":[],"yoast_head":"<!-- This site is optimized with the Yoast SEO plugin v27.6 - https:\/\/yoast.com\/product\/yoast-seo-wordpress\/ -->\n<title>Barrinha - Kite Surfing, Brasilien, Prea, Aiolos, Hotel<\/title>\n<meta name=\"robots\" content=\"index, follow, max-snippet:-1, max-image-preview:large, max-video-preview:-1\" \/>\n<link rel=\"canonical\" href=\"https:\/\/www.aiolos-brasil.com\/pt-br\/barrinha\/\" \/>\n<meta property=\"og:locale\" content=\"pt_BR\" \/>\n<meta property=\"og:type\" content=\"article\" \/>\n<meta property=\"og:title\" content=\"Barrinha - Kite Surfing, Brasilien, Prea, Aiolos, Hotel\" \/>\n<meta property=\"og:url\" content=\"https:\/\/www.aiolos-brasil.com\/pt-br\/barrinha\/\" \/>\n<meta property=\"og:site_name\" content=\"Kite Surfing, Brasilien, Prea, Aiolos, Hotel\" \/>\n<meta property=\"article:modified_time\" content=\"2023-06-04T15:12:09+00:00\" \/>\n<meta name=\"twitter:card\" content=\"summary_large_image\" \/>\n<meta name=\"twitter:label1\" content=\"Est. tempo de leitura\" \/>\n\t<meta name=\"twitter:data1\" content=\"15 minutos\" \/>\n<script type=\"application\/ld+json\" class=\"yoast-schema-graph\">{\"@context\":\"https:\\\/\\\/schema.org\",\"@graph\":[{\"@type\":\"WebPage\",\"@id\":\"https:\\\/\\\/www.aiolos-brasil.com\\\/pt-br\\\/barrinha\\\/\",\"url\":\"https:\\\/\\\/www.aiolos-brasil.com\\\/pt-br\\\/barrinha\\\/\",\"name\":\"Barrinha - Kite Surfing, Brasilien, Prea, Aiolos, Hotel\",\"isPartOf\":{\"@id\":\"https:\\\/\\\/www.aiolos-brasil.com\\\/pt-br\\\/#website\"},\"datePublished\":\"2022-11-21T15:35:12+00:00\",\"dateModified\":\"2023-06-04T15:12:09+00:00\",\"breadcrumb\":{\"@id\":\"https:\\\/\\\/www.aiolos-brasil.com\\\/pt-br\\\/barrinha\\\/#breadcrumb\"},\"inLanguage\":\"pt-BR\",\"potentialAction\":[{\"@type\":\"ReadAction\",\"target\":[\"https:\\\/\\\/www.aiolos-brasil.com\\\/pt-br\\\/barrinha\\\/\"]}]},{\"@type\":\"BreadcrumbList\",\"@id\":\"https:\\\/\\\/www.aiolos-brasil.com\\\/pt-br\\\/barrinha\\\/#breadcrumb\",\"itemListElement\":[{\"@type\":\"ListItem\",\"position\":1,\"name\":\"Startseite\",\"item\":\"https:\\\/\\\/www.aiolos-brasil.com\\\/pt-br\\\/\"},{\"@type\":\"ListItem\",\"position\":2,\"name\":\"Barrinha\"}]},{\"@type\":\"WebSite\",\"@id\":\"https:\\\/\\\/www.aiolos-brasil.com\\\/pt-br\\\/#website\",\"url\":\"https:\\\/\\\/www.aiolos-brasil.com\\\/pt-br\\\/\",\"name\":\"Kite Surfing, Brasilien, Prea, Aiolos, Hotel\",\"description\":\"Aiolos Brasil\",\"publisher\":{\"@id\":\"https:\\\/\\\/www.aiolos-brasil.com\\\/pt-br\\\/#organization\"},\"potentialAction\":[{\"@type\":\"SearchAction\",\"target\":{\"@type\":\"EntryPoint\",\"urlTemplate\":\"https:\\\/\\\/www.aiolos-brasil.com\\\/pt-br\\\/?s={search_term_string}\"},\"query-input\":{\"@type\":\"PropertyValueSpecification\",\"valueRequired\":true,\"valueName\":\"search_term_string\"}}],\"inLanguage\":\"pt-BR\"},{\"@type\":\"Organization\",\"@id\":\"https:\\\/\\\/www.aiolos-brasil.com\\\/pt-br\\\/#organization\",\"name\":\"Kite Surfing, Brasilien, Prea, Aiolos, Hotel\",\"url\":\"https:\\\/\\\/www.aiolos-brasil.com\\\/pt-br\\\/\",\"logo\":{\"@type\":\"ImageObject\",\"inLanguage\":\"pt-BR\",\"@id\":\"https:\\\/\\\/www.aiolos-brasil.com\\\/pt-br\\\/#\\\/schema\\\/logo\\\/image\\\/\",\"url\":\"https:\\\/\\\/www.aiolos-brasil.com\\\/wp-content\\\/uploads\\\/2022\\\/11\\\/Aiolos-MY-Kreis-links-ohne-weisser-Rand-01.png\",\"contentUrl\":\"https:\\\/\\\/www.aiolos-brasil.com\\\/wp-content\\\/uploads\\\/2022\\\/11\\\/Aiolos-MY-Kreis-links-ohne-weisser-Rand-01.png\",\"width\":6126,\"height\":1176,\"caption\":\"Kite Surfing, Brasilien, Prea, Aiolos, Hotel\"},\"image\":{\"@id\":\"https:\\\/\\\/www.aiolos-brasil.com\\\/pt-br\\\/#\\\/schema\\\/logo\\\/image\\\/\"}}]}<\/script>\n<!-- \/ Yoast SEO plugin. -->","yoast_head_json":{"title":"Barrinha - Kite Surfing, Brasilien, Prea, Aiolos, Hotel","robots":{"index":"index","follow":"follow","max-snippet":"max-snippet:-1","max-image-preview":"max-image-preview:large","max-video-preview":"max-video-preview:-1"},"canonical":"https:\/\/www.aiolos-brasil.com\/pt-br\/barrinha\/","og_locale":"pt_BR","og_type":"article","og_title":"Barrinha - Kite Surfing, Brasilien, Prea, Aiolos, Hotel","og_url":"https:\/\/www.aiolos-brasil.com\/pt-br\/barrinha\/","og_site_name":"Kite Surfing, Brasilien, Prea, Aiolos, Hotel","article_modified_time":"2023-06-04T15:12:09+00:00","twitter_card":"summary_large_image","twitter_misc":{"Est. tempo de leitura":"15 minutos"},"schema":{"@context":"https:\/\/schema.org","@graph":[{"@type":"WebPage","@id":"https:\/\/www.aiolos-brasil.com\/pt-br\/barrinha\/","url":"https:\/\/www.aiolos-brasil.com\/pt-br\/barrinha\/","name":"Barrinha - Kite Surfing, Brasilien, Prea, Aiolos, Hotel","isPartOf":{"@id":"https:\/\/www.aiolos-brasil.com\/pt-br\/#website"},"datePublished":"2022-11-21T15:35:12+00:00","dateModified":"2023-06-04T15:12:09+00:00","breadcrumb":{"@id":"https:\/\/www.aiolos-brasil.com\/pt-br\/barrinha\/#breadcrumb"},"inLanguage":"pt-BR","potentialAction":[{"@type":"ReadAction","target":["https:\/\/www.aiolos-brasil.com\/pt-br\/barrinha\/"]}]},{"@type":"BreadcrumbList","@id":"https:\/\/www.aiolos-brasil.com\/pt-br\/barrinha\/#breadcrumb","itemListElement":[{"@type":"ListItem","position":1,"name":"Startseite","item":"https:\/\/www.aiolos-brasil.com\/pt-br\/"},{"@type":"ListItem","position":2,"name":"Barrinha"}]},{"@type":"WebSite","@id":"https:\/\/www.aiolos-brasil.com\/pt-br\/#website","url":"https:\/\/www.aiolos-brasil.com\/pt-br\/","name":"Kite Surfing, Brasilien, Prea, Aiolos, Hotel","description":"Aiolos Brasil","publisher":{"@id":"https:\/\/www.aiolos-brasil.com\/pt-br\/#organization"},"potentialAction":[{"@type":"SearchAction","target":{"@type":"EntryPoint","urlTemplate":"https:\/\/www.aiolos-brasil.com\/pt-br\/?s={search_term_string}"},"query-input":{"@type":"PropertyValueSpecification","valueRequired":true,"valueName":"search_term_string"}}],"inLanguage":"pt-BR"},{"@type":"Organization","@id":"https:\/\/www.aiolos-brasil.com\/pt-br\/#organization","name":"Kite Surfing, Brasilien, Prea, Aiolos, Hotel","url":"https:\/\/www.aiolos-brasil.com\/pt-br\/","logo":{"@type":"ImageObject","inLanguage":"pt-BR","@id":"https:\/\/www.aiolos-brasil.com\/pt-br\/#\/schema\/logo\/image\/","url":"https:\/\/www.aiolos-brasil.com\/wp-content\/uploads\/2022\/11\/Aiolos-MY-Kreis-links-ohne-weisser-Rand-01.png","contentUrl":"https:\/\/www.aiolos-brasil.com\/wp-content\/uploads\/2022\/11\/Aiolos-MY-Kreis-links-ohne-weisser-Rand-01.png","width":6126,"height":1176,"caption":"Kite Surfing, Brasilien, Prea, Aiolos, Hotel"},"image":{"@id":"https:\/\/www.aiolos-brasil.com\/pt-br\/#\/schema\/logo\/image\/"}}]}},"_links":{"self":[{"href":"https:\/\/www.aiolos-brasil.com\/pt-br\/wp-json\/wp\/v2\/pages\/200","targetHints":{"allow":["GET"]}}],"collection":[{"href":"https:\/\/www.aiolos-brasil.com\/pt-br\/wp-json\/wp\/v2\/pages"}],"about":[{"href":"https:\/\/www.aiolos-brasil.com\/pt-br\/wp-json\/wp\/v2\/types\/page"}],"author":[{"embeddable":true,"href":"https:\/\/www.aiolos-brasil.com\/pt-br\/wp-json\/wp\/v2\/users\/1"}],"replies":[{"embeddable":true,"href":"https:\/\/www.aiolos-brasil.com\/pt-br\/wp-json\/wp\/v2\/comments?post=200"}],"version-history":[{"count":39,"href":"https:\/\/www.aiolos-brasil.com\/pt-br\/wp-json\/wp\/v2\/pages\/200\/revisions"}],"predecessor-version":[{"id":1818,"href":"https:\/\/www.aiolos-brasil.com\/pt-br\/wp-json\/wp\/v2\/pages\/200\/revisions\/1818"}],"wp:attachment":[{"href":"https:\/\/www.aiolos-brasil.com\/pt-br\/wp-json\/wp\/v2\/media?parent=200"}],"curies":[{"name":"wp","href":"https:\/\/api.w.org\/{rel}","templated":true}]}}