{"id":198,"date":"2022-11-21T13:57:46","date_gmt":"2022-11-21T13:57:46","guid":{"rendered":"https:\/\/www.aiolos-brasil.com\/produkt\/visita-barrinha\/"},"modified":"2023-06-08T18:32:24","modified_gmt":"2023-06-08T18:32:24","slug":"tour-barrinha","status":"publish","type":"product","link":"https:\/\/www.aiolos-brasil.com\/pt-br\/produto\/tour-barrinha\/","title":{"rendered":"Passeio da Barrinha"},"content":{"rendered":"<p>Visita a uma pequena e tranquila aldeia piscat\u00f3ria com bons restaurantes mesmo na praia. O p\u00f4r-do-sol mostra o seu lado mais belo!<\/p>\n<p><strong>Processo de reserva<\/strong><\/p>\n<ol>\n<li>Quer planejar um passeio? Contatar Josi atrav\u00e9s do <strong><a href=\"https:\/\/api.whatsapp.com\/send\/?phone=558881448888&amp;text=Welcome+at+AIOLOS.+Josi&amp;type=phone_number&amp;app_absent=0\" target=\"_blank\" rel=\"noopener\">WhatsApp<\/a><\/strong><br \/>\nTel. +55 88 9 8144 88 88, por E-Mail <strong><a href=\"mailto:team@aiolos-brasil.com\">team@aiolos-brasil.com<\/a><\/strong><br \/>\nou preencha o nosso <a href=\"https:\/\/www.aiolos-brasil.com\/pt-br\/contacto\/\"><strong>formul\u00e1rio de reserva<\/strong><\/a> preencher<\/li>\n<li>Ap\u00f3s a <strong>confirma\u00e7\u00e3o<\/strong> da viagem, o <strong>pagamento<\/strong> \u00e9 efetuado aqui no site<\/li>\n<\/ol>\n<p><a href=\"https:\/\/api.whatsapp.com\/send\/?phone=558881448888&amp;text=Welcome+at+AIOLOS.+Josi&amp;type=phone_number&amp;app_absent=0\"><img decoding=\"async\" class=\"alignnone wp-image-1780 size-full\" src=\"https:\/\/www.aiolos-brasil.com\/wp-content\/uploads\/2022\/11\/Book-with-Josi-Mini-Banner-ohne-WhatsApp-inkl-Sprachen-1200px.jpg\" alt=\"\" width=\"1200\" height=\"192\" srcset=\"https:\/\/www.aiolos-brasil.com\/wp-content\/uploads\/2022\/11\/Book-with-Josi-Mini-Banner-ohne-WhatsApp-inkl-Sprachen-1200px-200x32.jpg 200w, https:\/\/www.aiolos-brasil.com\/wp-content\/uploads\/2022\/11\/Book-with-Josi-Mini-Banner-ohne-WhatsApp-inkl-Sprachen-1200px-300x48.jpg 300w, https:\/\/www.aiolos-brasil.com\/wp-content\/uploads\/2022\/11\/Book-with-Josi-Mini-Banner-ohne-WhatsApp-inkl-Sprachen-1200px-400x64.jpg 400w, https:\/\/www.aiolos-brasil.com\/wp-content\/uploads\/2022\/11\/Book-with-Josi-Mini-Banner-ohne-WhatsApp-inkl-Sprachen-1200px-500x80.jpg 500w, https:\/\/www.aiolos-brasil.com\/wp-content\/uploads\/2022\/11\/Book-with-Josi-Mini-Banner-ohne-WhatsApp-inkl-Sprachen-1200px-600x96.jpg 600w, https:\/\/www.aiolos-brasil.com\/wp-content\/uploads\/2022\/11\/Book-with-Josi-Mini-Banner-ohne-WhatsApp-inkl-Sprachen-1200px-700x112.jpg 700w, https:\/\/www.aiolos-brasil.com\/wp-content\/uploads\/2022\/11\/Book-with-Josi-Mini-Banner-ohne-WhatsApp-inkl-Sprachen-1200px-768x123.jpg 768w, https:\/\/www.aiolos-brasil.com\/wp-content\/uploads\/2022\/11\/Book-with-Josi-Mini-Banner-ohne-WhatsApp-inkl-Sprachen-1200px-800x128.jpg 800w, https:\/\/www.aiolos-brasil.com\/wp-content\/uploads\/2022\/11\/Book-with-Josi-Mini-Banner-ohne-WhatsApp-inkl-Sprachen-1200px-1024x164.jpg 1024w, https:\/\/www.aiolos-brasil.com\/wp-content\/uploads\/2022\/11\/Book-with-Josi-Mini-Banner-ohne-WhatsApp-inkl-Sprachen-1200px.jpg 1200w\" sizes=\"(max-width: 1200px) 100vw, 1200px\" \/><\/a><\/p>\n","protected":false},"excerpt":{"rendered":"<p>Visita a uma pequena e tranquila aldeia piscat\u00f3ria com bons  [&#8230;]<\/p>\n","protected":false},"featured_media":68,"template":"","meta":{"_acf_changed":false},"product_brand":[],"product_cat":[44],"product_tag":[48],"class_list":{"0":"post-198","1":"product","2":"type-product","3":"status-publish","4":"has-post-thumbnail","6":"product_cat-passeios","7":"product_tag-barrinha-pt-br","9":"first","10":"instock","11":"shipping-taxable","12":"purchasable","13":"product-type-simple"},"acf":[],"yoast_head":"<!-- This site is optimized with the Yoast SEO plugin v27.3 - https:\/\/yoast.com\/product\/yoast-seo-wordpress\/ -->\n<title>Passeio da Barrinha - Kite Surfing, Brasilien, Prea, Aiolos, Hotel<\/title>\n<meta name=\"description\" content=\"Visita a uma pequena e tranquila aldeia piscat\u00f3ria com bons restaurantes mesmo na praia. O p\u00f4r-do-sol mostra o seu lado mais belo!\" \/>\n<meta name=\"robots\" content=\"index, follow, max-snippet:-1, max-image-preview:large, max-video-preview:-1\" \/>\n<link rel=\"canonical\" href=\"https:\/\/www.aiolos-brasil.com\/pt-br\/produto\/tour-barrinha\/\" \/>\n<meta property=\"og:locale\" content=\"pt_BR\" \/>\n<meta property=\"og:type\" content=\"article\" \/>\n<meta property=\"og:title\" content=\"Passeio da Barrinha - Kite Surfing, Brasilien, Prea, Aiolos, Hotel\" \/>\n<meta property=\"og:description\" content=\"Visita a uma pequena e tranquila aldeia piscat\u00f3ria com bons restaurantes mesmo na praia. O p\u00f4r-do-sol mostra o seu lado mais belo!\" \/>\n<meta property=\"og:url\" content=\"https:\/\/www.aiolos-brasil.com\/pt-br\/produto\/tour-barrinha\/\" \/>\n<meta property=\"og:site_name\" content=\"Kite Surfing, Brasilien, Prea, Aiolos, Hotel\" \/>\n<meta property=\"article:modified_time\" content=\"2023-06-08T18:32:24+00:00\" \/>\n<meta property=\"og:image\" content=\"https:\/\/www.aiolos-brasil.com\/wp-content\/uploads\/2022\/11\/Barrinha-Bar.jpg\" \/>\n\t<meta property=\"og:image:width\" content=\"600\" \/>\n\t<meta property=\"og:image:height\" content=\"600\" \/>\n\t<meta property=\"og:image:type\" content=\"image\/jpeg\" \/>\n<meta name=\"twitter:card\" content=\"summary_large_image\" \/>\n<meta name=\"twitter:label1\" content=\"Est. tempo de leitura\" \/>\n\t<meta name=\"twitter:data1\" content=\"1 minuto\" \/>\n<script type=\"application\/ld+json\" class=\"yoast-schema-graph\">{\"@context\":\"https:\\\/\\\/schema.org\",\"@graph\":[{\"@type\":\"WebPage\",\"@id\":\"https:\\\/\\\/www.aiolos-brasil.com\\\/pt-br\\\/produto\\\/tour-barrinha\\\/\",\"url\":\"https:\\\/\\\/www.aiolos-brasil.com\\\/pt-br\\\/produto\\\/tour-barrinha\\\/\",\"name\":\"Passeio da Barrinha - Kite Surfing, Brasilien, Prea, Aiolos, Hotel\",\"isPartOf\":{\"@id\":\"https:\\\/\\\/www.aiolos-brasil.com\\\/pt-br\\\/#website\"},\"primaryImageOfPage\":{\"@id\":\"https:\\\/\\\/www.aiolos-brasil.com\\\/pt-br\\\/produto\\\/tour-barrinha\\\/#primaryimage\"},\"image\":{\"@id\":\"https:\\\/\\\/www.aiolos-brasil.com\\\/pt-br\\\/produto\\\/tour-barrinha\\\/#primaryimage\"},\"thumbnailUrl\":\"https:\\\/\\\/www.aiolos-brasil.com\\\/wp-content\\\/uploads\\\/2022\\\/11\\\/Barrinha-Bar.jpg\",\"datePublished\":\"2022-11-21T13:57:46+00:00\",\"dateModified\":\"2023-06-08T18:32:24+00:00\",\"description\":\"Visita a uma pequena e tranquila aldeia piscat\u00f3ria com bons restaurantes mesmo na praia. O p\u00f4r-do-sol mostra o seu lado mais belo!\",\"breadcrumb\":{\"@id\":\"https:\\\/\\\/www.aiolos-brasil.com\\\/pt-br\\\/produto\\\/tour-barrinha\\\/#breadcrumb\"},\"inLanguage\":\"pt-BR\",\"potentialAction\":[{\"@type\":\"ReadAction\",\"target\":[\"https:\\\/\\\/www.aiolos-brasil.com\\\/pt-br\\\/produto\\\/tour-barrinha\\\/\"]}]},{\"@type\":\"ImageObject\",\"inLanguage\":\"pt-BR\",\"@id\":\"https:\\\/\\\/www.aiolos-brasil.com\\\/pt-br\\\/produto\\\/tour-barrinha\\\/#primaryimage\",\"url\":\"https:\\\/\\\/www.aiolos-brasil.com\\\/wp-content\\\/uploads\\\/2022\\\/11\\\/Barrinha-Bar.jpg\",\"contentUrl\":\"https:\\\/\\\/www.aiolos-brasil.com\\\/wp-content\\\/uploads\\\/2022\\\/11\\\/Barrinha-Bar.jpg\",\"width\":600,\"height\":600,\"caption\":\"Barrinha-Bar, AIOLOS Tours\"},{\"@type\":\"BreadcrumbList\",\"@id\":\"https:\\\/\\\/www.aiolos-brasil.com\\\/pt-br\\\/produto\\\/tour-barrinha\\\/#breadcrumb\",\"itemListElement\":[{\"@type\":\"ListItem\",\"position\":1,\"name\":\"Startseite\",\"item\":\"https:\\\/\\\/www.aiolos-brasil.com\\\/pt-br\\\/pagina-inicial\\\/\"},{\"@type\":\"ListItem\",\"position\":2,\"name\":\"Loja\",\"item\":\"https:\\\/\\\/www.aiolos-brasil.com\\\/pt-br\\\/shop\\\/\"},{\"@type\":\"ListItem\",\"position\":3,\"name\":\"Passeio da Barrinha\"}]},{\"@type\":\"WebSite\",\"@id\":\"https:\\\/\\\/www.aiolos-brasil.com\\\/pt-br\\\/#website\",\"url\":\"https:\\\/\\\/www.aiolos-brasil.com\\\/pt-br\\\/\",\"name\":\"Kite Surfing, Brasilien, Prea, Aiolos, Hotel\",\"description\":\"Aiolos Brasil\",\"publisher\":{\"@id\":\"https:\\\/\\\/www.aiolos-brasil.com\\\/pt-br\\\/#organization\"},\"potentialAction\":[{\"@type\":\"SearchAction\",\"target\":{\"@type\":\"EntryPoint\",\"urlTemplate\":\"https:\\\/\\\/www.aiolos-brasil.com\\\/pt-br\\\/?s={search_term_string}\"},\"query-input\":{\"@type\":\"PropertyValueSpecification\",\"valueRequired\":true,\"valueName\":\"search_term_string\"}}],\"inLanguage\":\"pt-BR\"},{\"@type\":\"Organization\",\"@id\":\"https:\\\/\\\/www.aiolos-brasil.com\\\/pt-br\\\/#organization\",\"name\":\"Kite Surfing, Brasilien, Prea, Aiolos, Hotel\",\"url\":\"https:\\\/\\\/www.aiolos-brasil.com\\\/pt-br\\\/\",\"logo\":{\"@type\":\"ImageObject\",\"inLanguage\":\"pt-BR\",\"@id\":\"https:\\\/\\\/www.aiolos-brasil.com\\\/pt-br\\\/#\\\/schema\\\/logo\\\/image\\\/\",\"url\":\"https:\\\/\\\/www.aiolos-brasil.com\\\/wp-content\\\/uploads\\\/2022\\\/11\\\/Aiolos-MY-Kreis-links-ohne-weisser-Rand-01.png\",\"contentUrl\":\"https:\\\/\\\/www.aiolos-brasil.com\\\/wp-content\\\/uploads\\\/2022\\\/11\\\/Aiolos-MY-Kreis-links-ohne-weisser-Rand-01.png\",\"width\":6126,\"height\":1176,\"caption\":\"Kite Surfing, Brasilien, Prea, Aiolos, Hotel\"},\"image\":{\"@id\":\"https:\\\/\\\/www.aiolos-brasil.com\\\/pt-br\\\/#\\\/schema\\\/logo\\\/image\\\/\"}}]}<\/script>\n<!-- \/ Yoast SEO plugin. -->","yoast_head_json":{"title":"Passeio da Barrinha - Kite Surfing, Brasilien, Prea, Aiolos, Hotel","description":"Visita a uma pequena e tranquila aldeia piscat\u00f3ria com bons restaurantes mesmo na praia. O p\u00f4r-do-sol mostra o seu lado mais belo!","robots":{"index":"index","follow":"follow","max-snippet":"max-snippet:-1","max-image-preview":"max-image-preview:large","max-video-preview":"max-video-preview:-1"},"canonical":"https:\/\/www.aiolos-brasil.com\/pt-br\/produto\/tour-barrinha\/","og_locale":"pt_BR","og_type":"article","og_title":"Passeio da Barrinha - Kite Surfing, Brasilien, Prea, Aiolos, Hotel","og_description":"Visita a uma pequena e tranquila aldeia piscat\u00f3ria com bons restaurantes mesmo na praia. O p\u00f4r-do-sol mostra o seu lado mais belo!","og_url":"https:\/\/www.aiolos-brasil.com\/pt-br\/produto\/tour-barrinha\/","og_site_name":"Kite Surfing, Brasilien, Prea, Aiolos, Hotel","article_modified_time":"2023-06-08T18:32:24+00:00","og_image":[{"width":600,"height":600,"url":"https:\/\/www.aiolos-brasil.com\/wp-content\/uploads\/2022\/11\/Barrinha-Bar.jpg","type":"image\/jpeg"}],"twitter_card":"summary_large_image","twitter_misc":{"Est. tempo de leitura":"1 minuto"},"schema":{"@context":"https:\/\/schema.org","@graph":[{"@type":"WebPage","@id":"https:\/\/www.aiolos-brasil.com\/pt-br\/produto\/tour-barrinha\/","url":"https:\/\/www.aiolos-brasil.com\/pt-br\/produto\/tour-barrinha\/","name":"Passeio da Barrinha - Kite Surfing, Brasilien, Prea, Aiolos, Hotel","isPartOf":{"@id":"https:\/\/www.aiolos-brasil.com\/pt-br\/#website"},"primaryImageOfPage":{"@id":"https:\/\/www.aiolos-brasil.com\/pt-br\/produto\/tour-barrinha\/#primaryimage"},"image":{"@id":"https:\/\/www.aiolos-brasil.com\/pt-br\/produto\/tour-barrinha\/#primaryimage"},"thumbnailUrl":"https:\/\/www.aiolos-brasil.com\/wp-content\/uploads\/2022\/11\/Barrinha-Bar.jpg","datePublished":"2022-11-21T13:57:46+00:00","dateModified":"2023-06-08T18:32:24+00:00","description":"Visita a uma pequena e tranquila aldeia piscat\u00f3ria com bons restaurantes mesmo na praia. O p\u00f4r-do-sol mostra o seu lado mais belo!","breadcrumb":{"@id":"https:\/\/www.aiolos-brasil.com\/pt-br\/produto\/tour-barrinha\/#breadcrumb"},"inLanguage":"pt-BR","potentialAction":[{"@type":"ReadAction","target":["https:\/\/www.aiolos-brasil.com\/pt-br\/produto\/tour-barrinha\/"]}]},{"@type":"ImageObject","inLanguage":"pt-BR","@id":"https:\/\/www.aiolos-brasil.com\/pt-br\/produto\/tour-barrinha\/#primaryimage","url":"https:\/\/www.aiolos-brasil.com\/wp-content\/uploads\/2022\/11\/Barrinha-Bar.jpg","contentUrl":"https:\/\/www.aiolos-brasil.com\/wp-content\/uploads\/2022\/11\/Barrinha-Bar.jpg","width":600,"height":600,"caption":"Barrinha-Bar, AIOLOS Tours"},{"@type":"BreadcrumbList","@id":"https:\/\/www.aiolos-brasil.com\/pt-br\/produto\/tour-barrinha\/#breadcrumb","itemListElement":[{"@type":"ListItem","position":1,"name":"Startseite","item":"https:\/\/www.aiolos-brasil.com\/pt-br\/pagina-inicial\/"},{"@type":"ListItem","position":2,"name":"Loja","item":"https:\/\/www.aiolos-brasil.com\/pt-br\/shop\/"},{"@type":"ListItem","position":3,"name":"Passeio da Barrinha"}]},{"@type":"WebSite","@id":"https:\/\/www.aiolos-brasil.com\/pt-br\/#website","url":"https:\/\/www.aiolos-brasil.com\/pt-br\/","name":"Kite Surfing, Brasilien, Prea, Aiolos, Hotel","description":"Aiolos Brasil","publisher":{"@id":"https:\/\/www.aiolos-brasil.com\/pt-br\/#organization"},"potentialAction":[{"@type":"SearchAction","target":{"@type":"EntryPoint","urlTemplate":"https:\/\/www.aiolos-brasil.com\/pt-br\/?s={search_term_string}"},"query-input":{"@type":"PropertyValueSpecification","valueRequired":true,"valueName":"search_term_string"}}],"inLanguage":"pt-BR"},{"@type":"Organization","@id":"https:\/\/www.aiolos-brasil.com\/pt-br\/#organization","name":"Kite Surfing, Brasilien, Prea, Aiolos, Hotel","url":"https:\/\/www.aiolos-brasil.com\/pt-br\/","logo":{"@type":"ImageObject","inLanguage":"pt-BR","@id":"https:\/\/www.aiolos-brasil.com\/pt-br\/#\/schema\/logo\/image\/","url":"https:\/\/www.aiolos-brasil.com\/wp-content\/uploads\/2022\/11\/Aiolos-MY-Kreis-links-ohne-weisser-Rand-01.png","contentUrl":"https:\/\/www.aiolos-brasil.com\/wp-content\/uploads\/2022\/11\/Aiolos-MY-Kreis-links-ohne-weisser-Rand-01.png","width":6126,"height":1176,"caption":"Kite Surfing, Brasilien, Prea, Aiolos, Hotel"},"image":{"@id":"https:\/\/www.aiolos-brasil.com\/pt-br\/#\/schema\/logo\/image\/"}}]}},"_links":{"self":[{"href":"https:\/\/www.aiolos-brasil.com\/pt-br\/wp-json\/wp\/v2\/product\/198","targetHints":{"allow":["GET"]}}],"collection":[{"href":"https:\/\/www.aiolos-brasil.com\/pt-br\/wp-json\/wp\/v2\/product"}],"about":[{"href":"https:\/\/www.aiolos-brasil.com\/pt-br\/wp-json\/wp\/v2\/types\/product"}],"wp:featuredmedia":[{"embeddable":true,"href":"https:\/\/www.aiolos-brasil.com\/pt-br\/wp-json\/wp\/v2\/media\/68"}],"wp:attachment":[{"href":"https:\/\/www.aiolos-brasil.com\/pt-br\/wp-json\/wp\/v2\/media?parent=198"}],"wp:term":[{"taxonomy":"product_brand","embeddable":true,"href":"https:\/\/www.aiolos-brasil.com\/pt-br\/wp-json\/wp\/v2\/product_brand?post=198"},{"taxonomy":"product_cat","embeddable":true,"href":"https:\/\/www.aiolos-brasil.com\/pt-br\/wp-json\/wp\/v2\/product_cat?post=198"},{"taxonomy":"product_tag","embeddable":true,"href":"https:\/\/www.aiolos-brasil.com\/pt-br\/wp-json\/wp\/v2\/product_tag?post=198"}],"curies":[{"name":"wp","href":"https:\/\/api.w.org\/{rel}","templated":true}]}}