{"id":199,"date":"2022-11-21T14:04:38","date_gmt":"2022-11-21T14:04:38","guid":{"rendered":"https:\/\/www.aiolos-brasil.com\/produkt\/aeroporto-de-fortaleza-prea\/"},"modified":"2023-06-08T19:17:25","modified_gmt":"2023-06-08T19:17:25","slug":"aeroporto-de-fortaleza-para-prea","status":"publish","type":"product","link":"https:\/\/www.aiolos-brasil.com\/pt-br\/produto\/aeroporto-de-fortaleza-para-prea\/","title":{"rendered":"Aeroporto de Fortaleza para Pre\u00e1"},"content":{"rendered":"<p>O transfer do aeroporto de Fortaleza para Pre\u00e1 \u00e9 de aproximadamente de 285 km e demora cerca de 4 a 5 horas, dependendo da escala e do tr\u00e1fego. Est\u00e3o dispon\u00edveis ve\u00edculos para 4 ou at\u00e9 6 pessoas. Para mais informa\u00e7\u00f5es ligue +55 88 9 8144 88 88<\/p>\n<p><strong>Processo de reserva<\/strong><\/p>\n<ol>\n<li>Precisa de <strong>um transfer imediato<\/strong>? Contatar Josi atrav\u00e9s do <strong><a href=\"https:\/\/api.whatsapp.com\/send\/?phone=558881448888&amp;text=Welcome+at+AIOLOS.+Josi&amp;type=phone_number&amp;app_absent=0\" target=\"_blank\" rel=\"noopener\">WhatsApp<\/a><\/strong><br \/>\nou ligue para: +55 88 9 8144 88 88<\/li>\n<li>Voc\u00ea quer <strong>planejar um Transfer<\/strong>? Em seguida, preencha o nosso <a href=\"https:\/\/www.aiolos-brasil.com\/pt-br\/contacto\/\"><strong>formul\u00e1rio de reserva <\/strong><\/a>preencher<\/li>\n<li>Depois de <strong>confirmarmos<\/strong> o transfer, voc\u00ea <strong>pagar\u00e1 a<\/strong> sua viagem aqui no site<\/li>\n<\/ol>\n<p><a href=\"https:\/\/api.whatsapp.com\/send\/?phone=558881448888&amp;text=Welcome+at+AIOLOS.+Josi&amp;type=phone_number&amp;app_absent=0\"><img decoding=\"async\" class=\"alignnone wp-image-1780 size-full\" src=\"https:\/\/www.aiolos-brasil.com\/wp-content\/uploads\/2022\/11\/Book-with-Josi-Mini-Banner-ohne-WhatsApp-inkl-Sprachen-1200px.jpg\" alt=\"\" width=\"1200\" height=\"192\" srcset=\"https:\/\/www.aiolos-brasil.com\/wp-content\/uploads\/2022\/11\/Book-with-Josi-Mini-Banner-ohne-WhatsApp-inkl-Sprachen-1200px-200x32.jpg 200w, https:\/\/www.aiolos-brasil.com\/wp-content\/uploads\/2022\/11\/Book-with-Josi-Mini-Banner-ohne-WhatsApp-inkl-Sprachen-1200px-300x48.jpg 300w, https:\/\/www.aiolos-brasil.com\/wp-content\/uploads\/2022\/11\/Book-with-Josi-Mini-Banner-ohne-WhatsApp-inkl-Sprachen-1200px-400x64.jpg 400w, https:\/\/www.aiolos-brasil.com\/wp-content\/uploads\/2022\/11\/Book-with-Josi-Mini-Banner-ohne-WhatsApp-inkl-Sprachen-1200px-500x80.jpg 500w, https:\/\/www.aiolos-brasil.com\/wp-content\/uploads\/2022\/11\/Book-with-Josi-Mini-Banner-ohne-WhatsApp-inkl-Sprachen-1200px-600x96.jpg 600w, https:\/\/www.aiolos-brasil.com\/wp-content\/uploads\/2022\/11\/Book-with-Josi-Mini-Banner-ohne-WhatsApp-inkl-Sprachen-1200px-700x112.jpg 700w, https:\/\/www.aiolos-brasil.com\/wp-content\/uploads\/2022\/11\/Book-with-Josi-Mini-Banner-ohne-WhatsApp-inkl-Sprachen-1200px-768x123.jpg 768w, https:\/\/www.aiolos-brasil.com\/wp-content\/uploads\/2022\/11\/Book-with-Josi-Mini-Banner-ohne-WhatsApp-inkl-Sprachen-1200px-800x128.jpg 800w, https:\/\/www.aiolos-brasil.com\/wp-content\/uploads\/2022\/11\/Book-with-Josi-Mini-Banner-ohne-WhatsApp-inkl-Sprachen-1200px-1024x164.jpg 1024w, https:\/\/www.aiolos-brasil.com\/wp-content\/uploads\/2022\/11\/Book-with-Josi-Mini-Banner-ohne-WhatsApp-inkl-Sprachen-1200px.jpg 1200w\" sizes=\"(max-width: 1200px) 100vw, 1200px\" \/><\/a><\/p>\n","protected":false},"excerpt":{"rendered":"<p>O transfer do aeroporto de Fortaleza para Pre\u00e1 \u00e9 de  [&#8230;]<\/p>\n","protected":false},"featured_media":146,"template":"","meta":{"_acf_changed":false},"product_brand":[],"product_cat":[35],"product_tag":[],"class_list":{"0":"post-199","1":"product","2":"type-product","3":"status-publish","4":"has-post-thumbnail","6":"product_cat-transfer","8":"first","9":"instock","10":"shipping-taxable","11":"purchasable","12":"product-type-simple"},"acf":[],"yoast_head":"<!-- This site is optimized with the Yoast SEO plugin v27.4 - https:\/\/yoast.com\/product\/yoast-seo-wordpress\/ -->\n<title>Aeroporto de Fortaleza para Pre\u00e1 - Kite Surfing, Brasilien, Prea, Aiolos, Hotel<\/title>\n<meta name=\"description\" content=\"O transfer do aeroporto de Fortaleza para o Pre\u00e1 fica a cerca de 285 km e demora cerca de 4 a 5 horas, dependendo da escala e do tr\u00e2nsito.\" \/>\n<meta name=\"robots\" content=\"index, follow, max-snippet:-1, max-image-preview:large, max-video-preview:-1\" \/>\n<link rel=\"canonical\" href=\"https:\/\/www.aiolos-brasil.com\/pt-br\/produto\/aeroporto-de-fortaleza-para-prea\/\" \/>\n<meta property=\"og:locale\" content=\"pt_BR\" \/>\n<meta property=\"og:type\" content=\"article\" \/>\n<meta property=\"og:title\" content=\"Aeroporto de Fortaleza para Pre\u00e1 - Kite Surfing, Brasilien, Prea, Aiolos, Hotel\" \/>\n<meta property=\"og:description\" content=\"O transfer do aeroporto de Fortaleza para o Pre\u00e1 fica a cerca de 285 km e demora cerca de 4 a 5 horas, dependendo da escala e do tr\u00e2nsito.\" \/>\n<meta property=\"og:url\" content=\"https:\/\/www.aiolos-brasil.com\/pt-br\/produto\/aeroporto-de-fortaleza-para-prea\/\" \/>\n<meta property=\"og:site_name\" content=\"Kite Surfing, Brasilien, Prea, Aiolos, Hotel\" \/>\n<meta property=\"article:modified_time\" content=\"2023-06-08T19:17:25+00:00\" \/>\n<meta property=\"og:image\" content=\"https:\/\/www.aiolos-brasil.com\/wp-content\/uploads\/2022\/11\/Transferbild-Flughafen-Fortaleza-Prea-Web600px.jpg\" \/>\n\t<meta property=\"og:image:width\" content=\"600\" \/>\n\t<meta property=\"og:image:height\" content=\"600\" \/>\n\t<meta property=\"og:image:type\" content=\"image\/jpeg\" \/>\n<meta name=\"twitter:card\" content=\"summary_large_image\" \/>\n<meta name=\"twitter:label1\" content=\"Est. tempo de leitura\" \/>\n\t<meta name=\"twitter:data1\" content=\"1 minuto\" \/>\n<script type=\"application\/ld+json\" class=\"yoast-schema-graph\">{\"@context\":\"https:\\\/\\\/schema.org\",\"@graph\":[{\"@type\":\"WebPage\",\"@id\":\"https:\\\/\\\/www.aiolos-brasil.com\\\/pt-br\\\/produto\\\/aeroporto-de-fortaleza-para-prea\\\/\",\"url\":\"https:\\\/\\\/www.aiolos-brasil.com\\\/pt-br\\\/produto\\\/aeroporto-de-fortaleza-para-prea\\\/\",\"name\":\"Aeroporto de Fortaleza para Pre\u00e1 - Kite Surfing, Brasilien, Prea, Aiolos, Hotel\",\"isPartOf\":{\"@id\":\"https:\\\/\\\/www.aiolos-brasil.com\\\/pt-br\\\/#website\"},\"primaryImageOfPage\":{\"@id\":\"https:\\\/\\\/www.aiolos-brasil.com\\\/pt-br\\\/produto\\\/aeroporto-de-fortaleza-para-prea\\\/#primaryimage\"},\"image\":{\"@id\":\"https:\\\/\\\/www.aiolos-brasil.com\\\/pt-br\\\/produto\\\/aeroporto-de-fortaleza-para-prea\\\/#primaryimage\"},\"thumbnailUrl\":\"https:\\\/\\\/www.aiolos-brasil.com\\\/wp-content\\\/uploads\\\/2022\\\/11\\\/Transferbild-Flughafen-Fortaleza-Prea-Web600px.jpg\",\"datePublished\":\"2022-11-21T14:04:38+00:00\",\"dateModified\":\"2023-06-08T19:17:25+00:00\",\"description\":\"O transfer do aeroporto de Fortaleza para o Pre\u00e1 fica a cerca de 285 km e demora cerca de 4 a 5 horas, dependendo da escala e do tr\u00e2nsito.\",\"breadcrumb\":{\"@id\":\"https:\\\/\\\/www.aiolos-brasil.com\\\/pt-br\\\/produto\\\/aeroporto-de-fortaleza-para-prea\\\/#breadcrumb\"},\"inLanguage\":\"pt-BR\",\"potentialAction\":[{\"@type\":\"ReadAction\",\"target\":[\"https:\\\/\\\/www.aiolos-brasil.com\\\/pt-br\\\/produto\\\/aeroporto-de-fortaleza-para-prea\\\/\"]}]},{\"@type\":\"ImageObject\",\"inLanguage\":\"pt-BR\",\"@id\":\"https:\\\/\\\/www.aiolos-brasil.com\\\/pt-br\\\/produto\\\/aeroporto-de-fortaleza-para-prea\\\/#primaryimage\",\"url\":\"https:\\\/\\\/www.aiolos-brasil.com\\\/wp-content\\\/uploads\\\/2022\\\/11\\\/Transferbild-Flughafen-Fortaleza-Prea-Web600px.jpg\",\"contentUrl\":\"https:\\\/\\\/www.aiolos-brasil.com\\\/wp-content\\\/uploads\\\/2022\\\/11\\\/Transferbild-Flughafen-Fortaleza-Prea-Web600px.jpg\",\"width\":600,\"height\":600,\"caption\":\"Flughafen Fortaleza, Prea\"},{\"@type\":\"BreadcrumbList\",\"@id\":\"https:\\\/\\\/www.aiolos-brasil.com\\\/pt-br\\\/produto\\\/aeroporto-de-fortaleza-para-prea\\\/#breadcrumb\",\"itemListElement\":[{\"@type\":\"ListItem\",\"position\":1,\"name\":\"Startseite\",\"item\":\"https:\\\/\\\/www.aiolos-brasil.com\\\/pt-br\\\/\"},{\"@type\":\"ListItem\",\"position\":2,\"name\":\"Loja\",\"item\":\"https:\\\/\\\/www.aiolos-brasil.com\\\/pt-br\\\/shop\\\/\"},{\"@type\":\"ListItem\",\"position\":3,\"name\":\"Aeroporto de Fortaleza para Pre\u00e1\"}]},{\"@type\":\"WebSite\",\"@id\":\"https:\\\/\\\/www.aiolos-brasil.com\\\/pt-br\\\/#website\",\"url\":\"https:\\\/\\\/www.aiolos-brasil.com\\\/pt-br\\\/\",\"name\":\"Kite Surfing, Brasilien, Prea, Aiolos, Hotel\",\"description\":\"Aiolos Brasil\",\"publisher\":{\"@id\":\"https:\\\/\\\/www.aiolos-brasil.com\\\/pt-br\\\/#organization\"},\"potentialAction\":[{\"@type\":\"SearchAction\",\"target\":{\"@type\":\"EntryPoint\",\"urlTemplate\":\"https:\\\/\\\/www.aiolos-brasil.com\\\/pt-br\\\/?s={search_term_string}\"},\"query-input\":{\"@type\":\"PropertyValueSpecification\",\"valueRequired\":true,\"valueName\":\"search_term_string\"}}],\"inLanguage\":\"pt-BR\"},{\"@type\":\"Organization\",\"@id\":\"https:\\\/\\\/www.aiolos-brasil.com\\\/pt-br\\\/#organization\",\"name\":\"Kite Surfing, Brasilien, Prea, Aiolos, Hotel\",\"url\":\"https:\\\/\\\/www.aiolos-brasil.com\\\/pt-br\\\/\",\"logo\":{\"@type\":\"ImageObject\",\"inLanguage\":\"pt-BR\",\"@id\":\"https:\\\/\\\/www.aiolos-brasil.com\\\/pt-br\\\/#\\\/schema\\\/logo\\\/image\\\/\",\"url\":\"https:\\\/\\\/www.aiolos-brasil.com\\\/wp-content\\\/uploads\\\/2022\\\/11\\\/Aiolos-MY-Kreis-links-ohne-weisser-Rand-01.png\",\"contentUrl\":\"https:\\\/\\\/www.aiolos-brasil.com\\\/wp-content\\\/uploads\\\/2022\\\/11\\\/Aiolos-MY-Kreis-links-ohne-weisser-Rand-01.png\",\"width\":6126,\"height\":1176,\"caption\":\"Kite Surfing, Brasilien, Prea, Aiolos, Hotel\"},\"image\":{\"@id\":\"https:\\\/\\\/www.aiolos-brasil.com\\\/pt-br\\\/#\\\/schema\\\/logo\\\/image\\\/\"}}]}<\/script>\n<!-- \/ Yoast SEO plugin. -->","yoast_head_json":{"title":"Aeroporto de Fortaleza para Pre\u00e1 - Kite Surfing, Brasilien, Prea, Aiolos, Hotel","description":"O transfer do aeroporto de Fortaleza para o Pre\u00e1 fica a cerca de 285 km e demora cerca de 4 a 5 horas, dependendo da escala e do tr\u00e2nsito.","robots":{"index":"index","follow":"follow","max-snippet":"max-snippet:-1","max-image-preview":"max-image-preview:large","max-video-preview":"max-video-preview:-1"},"canonical":"https:\/\/www.aiolos-brasil.com\/pt-br\/produto\/aeroporto-de-fortaleza-para-prea\/","og_locale":"pt_BR","og_type":"article","og_title":"Aeroporto de Fortaleza para Pre\u00e1 - Kite Surfing, Brasilien, Prea, Aiolos, Hotel","og_description":"O transfer do aeroporto de Fortaleza para o Pre\u00e1 fica a cerca de 285 km e demora cerca de 4 a 5 horas, dependendo da escala e do tr\u00e2nsito.","og_url":"https:\/\/www.aiolos-brasil.com\/pt-br\/produto\/aeroporto-de-fortaleza-para-prea\/","og_site_name":"Kite Surfing, Brasilien, Prea, Aiolos, Hotel","article_modified_time":"2023-06-08T19:17:25+00:00","og_image":[{"width":600,"height":600,"url":"https:\/\/www.aiolos-brasil.com\/wp-content\/uploads\/2022\/11\/Transferbild-Flughafen-Fortaleza-Prea-Web600px.jpg","type":"image\/jpeg"}],"twitter_card":"summary_large_image","twitter_misc":{"Est. tempo de leitura":"1 minuto"},"schema":{"@context":"https:\/\/schema.org","@graph":[{"@type":"WebPage","@id":"https:\/\/www.aiolos-brasil.com\/pt-br\/produto\/aeroporto-de-fortaleza-para-prea\/","url":"https:\/\/www.aiolos-brasil.com\/pt-br\/produto\/aeroporto-de-fortaleza-para-prea\/","name":"Aeroporto de Fortaleza para Pre\u00e1 - Kite Surfing, Brasilien, Prea, Aiolos, Hotel","isPartOf":{"@id":"https:\/\/www.aiolos-brasil.com\/pt-br\/#website"},"primaryImageOfPage":{"@id":"https:\/\/www.aiolos-brasil.com\/pt-br\/produto\/aeroporto-de-fortaleza-para-prea\/#primaryimage"},"image":{"@id":"https:\/\/www.aiolos-brasil.com\/pt-br\/produto\/aeroporto-de-fortaleza-para-prea\/#primaryimage"},"thumbnailUrl":"https:\/\/www.aiolos-brasil.com\/wp-content\/uploads\/2022\/11\/Transferbild-Flughafen-Fortaleza-Prea-Web600px.jpg","datePublished":"2022-11-21T14:04:38+00:00","dateModified":"2023-06-08T19:17:25+00:00","description":"O transfer do aeroporto de Fortaleza para o Pre\u00e1 fica a cerca de 285 km e demora cerca de 4 a 5 horas, dependendo da escala e do tr\u00e2nsito.","breadcrumb":{"@id":"https:\/\/www.aiolos-brasil.com\/pt-br\/produto\/aeroporto-de-fortaleza-para-prea\/#breadcrumb"},"inLanguage":"pt-BR","potentialAction":[{"@type":"ReadAction","target":["https:\/\/www.aiolos-brasil.com\/pt-br\/produto\/aeroporto-de-fortaleza-para-prea\/"]}]},{"@type":"ImageObject","inLanguage":"pt-BR","@id":"https:\/\/www.aiolos-brasil.com\/pt-br\/produto\/aeroporto-de-fortaleza-para-prea\/#primaryimage","url":"https:\/\/www.aiolos-brasil.com\/wp-content\/uploads\/2022\/11\/Transferbild-Flughafen-Fortaleza-Prea-Web600px.jpg","contentUrl":"https:\/\/www.aiolos-brasil.com\/wp-content\/uploads\/2022\/11\/Transferbild-Flughafen-Fortaleza-Prea-Web600px.jpg","width":600,"height":600,"caption":"Flughafen Fortaleza, Prea"},{"@type":"BreadcrumbList","@id":"https:\/\/www.aiolos-brasil.com\/pt-br\/produto\/aeroporto-de-fortaleza-para-prea\/#breadcrumb","itemListElement":[{"@type":"ListItem","position":1,"name":"Startseite","item":"https:\/\/www.aiolos-brasil.com\/pt-br\/"},{"@type":"ListItem","position":2,"name":"Loja","item":"https:\/\/www.aiolos-brasil.com\/pt-br\/shop\/"},{"@type":"ListItem","position":3,"name":"Aeroporto de Fortaleza para Pre\u00e1"}]},{"@type":"WebSite","@id":"https:\/\/www.aiolos-brasil.com\/pt-br\/#website","url":"https:\/\/www.aiolos-brasil.com\/pt-br\/","name":"Kite Surfing, Brasilien, Prea, Aiolos, Hotel","description":"Aiolos Brasil","publisher":{"@id":"https:\/\/www.aiolos-brasil.com\/pt-br\/#organization"},"potentialAction":[{"@type":"SearchAction","target":{"@type":"EntryPoint","urlTemplate":"https:\/\/www.aiolos-brasil.com\/pt-br\/?s={search_term_string}"},"query-input":{"@type":"PropertyValueSpecification","valueRequired":true,"valueName":"search_term_string"}}],"inLanguage":"pt-BR"},{"@type":"Organization","@id":"https:\/\/www.aiolos-brasil.com\/pt-br\/#organization","name":"Kite Surfing, Brasilien, Prea, Aiolos, Hotel","url":"https:\/\/www.aiolos-brasil.com\/pt-br\/","logo":{"@type":"ImageObject","inLanguage":"pt-BR","@id":"https:\/\/www.aiolos-brasil.com\/pt-br\/#\/schema\/logo\/image\/","url":"https:\/\/www.aiolos-brasil.com\/wp-content\/uploads\/2022\/11\/Aiolos-MY-Kreis-links-ohne-weisser-Rand-01.png","contentUrl":"https:\/\/www.aiolos-brasil.com\/wp-content\/uploads\/2022\/11\/Aiolos-MY-Kreis-links-ohne-weisser-Rand-01.png","width":6126,"height":1176,"caption":"Kite Surfing, Brasilien, Prea, Aiolos, Hotel"},"image":{"@id":"https:\/\/www.aiolos-brasil.com\/pt-br\/#\/schema\/logo\/image\/"}}]}},"_links":{"self":[{"href":"https:\/\/www.aiolos-brasil.com\/pt-br\/wp-json\/wp\/v2\/product\/199","targetHints":{"allow":["GET"]}}],"collection":[{"href":"https:\/\/www.aiolos-brasil.com\/pt-br\/wp-json\/wp\/v2\/product"}],"about":[{"href":"https:\/\/www.aiolos-brasil.com\/pt-br\/wp-json\/wp\/v2\/types\/product"}],"wp:featuredmedia":[{"embeddable":true,"href":"https:\/\/www.aiolos-brasil.com\/pt-br\/wp-json\/wp\/v2\/media\/146"}],"wp:attachment":[{"href":"https:\/\/www.aiolos-brasil.com\/pt-br\/wp-json\/wp\/v2\/media?parent=199"}],"wp:term":[{"taxonomy":"product_brand","embeddable":true,"href":"https:\/\/www.aiolos-brasil.com\/pt-br\/wp-json\/wp\/v2\/product_brand?post=199"},{"taxonomy":"product_cat","embeddable":true,"href":"https:\/\/www.aiolos-brasil.com\/pt-br\/wp-json\/wp\/v2\/product_cat?post=199"},{"taxonomy":"product_tag","embeddable":true,"href":"https:\/\/www.aiolos-brasil.com\/pt-br\/wp-json\/wp\/v2\/product_tag?post=199"}],"curies":[{"name":"wp","href":"https:\/\/api.w.org\/{rel}","templated":true}]}}